{"id":64,"date":"2025-01-30T15:26:18","date_gmt":"2025-01-30T14:26:18","guid":{"rendered":"https:\/\/breakaleg.hr\/?page_id=64"},"modified":"2025-12-17T20:05:41","modified_gmt":"2025-12-17T19:05:41","slug":"contact-us","status":"publish","type":"page","link":"https:\/\/breakaleg.hr\/hr\/contact-us\/","title":{"rendered":"Kontakt"},"content":{"rendered":"<div class=\"wp-block-group alignfull has-global-padding is-layout-constrained wp-container-core-group-is-layout-07f777bb wp-block-group-is-layout-constrained\" style=\"min-height:0vh;margin-top:0;margin-bottom:0;padding-top:var(--wp--preset--spacing--60);padding-right:var(--wp--preset--spacing--40);padding-bottom:var(--wp--preset--spacing--60);padding-left:var(--wp--preset--spacing--40)\">\n<div class=\"wp-block-group has-global-padding is-layout-constrained wp-container-core-group-is-layout-346627ba wp-block-group-is-layout-constrained\">\n<h2 class=\"wp-block-heading has-text-align-center has-accent-3-color has-text-color has-link-color wp-elements-a6dd39cd3e4667760d35211fbe1e433e\" style=\"margin-right:0;margin-left:0;padding-right:0;padding-left:0;font-size:clamp(3.037rem, 3.037rem + ((1vw - 0.2rem) * 4.648), 6rem);font-style:normal;font-weight:300;letter-spacing:-2px;line-height:1\">KONTAKTIRAJTE NAS<\/h2>\n\n\n\n<figure class=\"wp-block-image aligncenter size-full\"><img loading=\"lazy\" decoding=\"async\" width=\"1707\" height=\"2560\" src=\"https:\/\/breakaleg.hr\/wp-content\/uploads\/2025\/02\/BreakALeg-219-scaled.jpg\" alt=\"\" class=\"wp-image-371\" srcset=\"https:\/\/breakaleg.hr\/wp-content\/uploads\/2025\/02\/BreakALeg-219-scaled.jpg 1707w, https:\/\/breakaleg.hr\/wp-content\/uploads\/2025\/02\/BreakALeg-219-200x300.jpg 200w, https:\/\/breakaleg.hr\/wp-content\/uploads\/2025\/02\/BreakALeg-219-683x1024.jpg 683w, https:\/\/breakaleg.hr\/wp-content\/uploads\/2025\/02\/BreakALeg-219-768x1152.jpg 768w, https:\/\/breakaleg.hr\/wp-content\/uploads\/2025\/02\/BreakALeg-219-1024x1536.jpg 1024w, https:\/\/breakaleg.hr\/wp-content\/uploads\/2025\/02\/BreakALeg-219-1365x2048.jpg 1365w, https:\/\/breakaleg.hr\/wp-content\/uploads\/2025\/02\/BreakALeg-219-1080x1620.jpg 1080w\" sizes=\"auto, (max-width: 1707px) 100vw, 1707px\" \/><\/figure>\n\n\n\n<p class=\"has-text-align-center\">O\u017eivimo va\u0161u viziju! Bilo da planirate doga\u0111aj, gradite svoj brend ili \u017eelite ve\u0107i publicitet, tu smo da vam pomognemo. Kontaktirajte nas jo\u0161 danas kako bismo zajedno stvorili ne\u0161to nezaboravno.<\/p>\n<\/div>\n<\/div>\n\n\n\n<hr class=\"wp-block-separator alignfull has-alpha-channel-opacity\"\/>\n\n\n\n<div class=\"wp-block-group alignfull has-global-padding is-layout-constrained wp-container-core-group-is-layout-0d85de7f wp-block-group-is-layout-constrained\" style=\"margin-top:0;margin-bottom:0;padding-top:var(--wp--preset--spacing--60);padding-bottom:var(--wp--preset--spacing--60)\">\n<h2 class=\"wp-block-heading alignwide has-text-align-center\" style=\"font-size:clamp(1.976rem, 1.976rem + ((1vw - 0.2rem) * 2.391), 3.5rem);font-style:normal;font-weight:300;letter-spacing:-2px\">Kontaktirajte nas<\/h2>\n\n\n\n<p class=\"has-text-align-center has-x-large-font-size\" style=\"padding-top:var(--wp--preset--spacing--20);padding-right:0;padding-bottom:var(--wp--preset--spacing--20);padding-left:0\">info@breakaleg.hr<\/p>\n\n\n\n<div class=\"wp-block-columns alignwide tw-cols-stack-md is-layout-flex wp-container-core-columns-is-layout-b372fd76 wp-block-columns-is-layout-flex\" style=\"padding-top:var(--wp--preset--spacing--40);padding-bottom:var(--wp--preset--spacing--40)\">\n<div class=\"wp-block-column has-border-color is-layout-flow wp-block-column-is-layout-flow\" style=\"border-color:var(--wp--preset--color--accent-6);border-width:1px;border-radius:10px;padding-top:var(--wp--preset--spacing--40);padding-right:var(--wp--preset--spacing--40);padding-bottom:var(--wp--preset--spacing--40);padding-left:var(--wp--preset--spacing--40)\">\n<blockquote class=\"wp-block-quote is-style-plain has-x-large-font-size is-layout-flow wp-container-core-quote-is-layout-119bc444 wp-block-quote-is-layout-flow is-style-plain--1\" style=\"font-style:normal;font-weight:400\">\n<div class=\"wp-block-group has-global-padding is-content-justification-center is-layout-constrained wp-container-core-group-is-layout-f315d6da wp-block-group-is-layout-constrained\" style=\"margin-top:0;margin-bottom:0;padding-top:0;padding-right:0;padding-bottom:0;padding-left:0\">\n<p class=\"has-text-align-center has-accent-3-color has-text-color has-link-color has-literata-font-family wp-elements-9e31da1d7d8f23a4a77fd2c0d8040bbc\" style=\"font-size:clamp(20px, 1.25rem + ((1vw - 3.2px) * 1.176), 32px);font-style:normal;font-weight:300;letter-spacing:-2px;line-height:1.1\">Ured u \u0160ibeniku<\/p>\n\n\n\n<p class=\"has-text-align-center has-accent-2-color has-text-color has-link-color has-fira-sans-font-family wp-elements-2891afc5a4f2bd2726c62b8cd7d03207\" style=\"font-size:clamp(0.875rem, 0.875rem + ((1vw - 0.2rem) * 0.667), 1.3rem);font-style:normal;font-weight:300;letter-spacing:0em;line-height:1.3\">Anamaria<br>anamaria@breakaleg.hr<br>+385 99 323 9643<\/p>\n<\/div>\n<\/blockquote>\n<\/div>\n\n\n\n<div class=\"wp-block-column has-border-color is-layout-flow wp-block-column-is-layout-flow\" style=\"border-color:var(--wp--preset--color--accent-6);border-width:1px;border-radius:10px;padding-top:var(--wp--preset--spacing--40);padding-right:var(--wp--preset--spacing--40);padding-bottom:var(--wp--preset--spacing--40);padding-left:var(--wp--preset--spacing--40)\">\n<blockquote class=\"wp-block-quote is-style-plain is-layout-flow wp-container-core-quote-is-layout-119bc444 wp-block-quote-is-layout-flow is-style-plain--2\" style=\"font-size:clamp(1.352rem, 1.352rem + ((1vw - 0.2rem) * 1.33), 2.2rem);font-style:normal;font-weight:400\">\n<div class=\"wp-block-group has-global-padding is-content-justification-center is-layout-constrained wp-container-core-group-is-layout-f315d6da wp-block-group-is-layout-constrained\" style=\"margin-top:0;margin-bottom:0;padding-top:0;padding-right:0;padding-bottom:0;padding-left:0\">\n<p class=\"has-text-align-center has-accent-3-color has-text-color has-link-color has-literata-font-family wp-elements-0955948f8d11d4b34933a578118af92c\" style=\"font-size:clamp(20px, 1.25rem + ((1vw - 3.2px) * 1.176), 32px);font-style:normal;font-weight:300;letter-spacing:-2px;line-height:1.1\">Ured u Zadru<\/p>\n\n\n\n<p class=\"has-text-align-center has-accent-2-color has-text-color has-link-color has-fira-sans-font-family wp-elements-d2ccfb63ba1e8f0d959e1b5024e83d1c\" style=\"font-size:clamp(0.875rem, 0.875rem + ((1vw - 0.2rem) * 0.667), 1.3rem);font-style:normal;font-weight:300;letter-spacing:0em;line-height:1.3\">Ivana<br>ivana@breakaleg.hr<br>+385 91 507 5597<\/p>\n<\/div>\n<\/blockquote>\n<\/div>\n\n\n\n<div class=\"wp-block-column has-border-color is-layout-flow wp-block-column-is-layout-flow\" style=\"border-color:var(--wp--preset--color--accent-6);border-width:1px;border-radius:10px;padding-top:var(--wp--preset--spacing--40);padding-right:var(--wp--preset--spacing--40);padding-bottom:var(--wp--preset--spacing--40);padding-left:var(--wp--preset--spacing--40)\">\n<blockquote class=\"wp-block-quote is-style-plain has-x-large-font-size is-layout-flow wp-container-core-quote-is-layout-119bc444 wp-block-quote-is-layout-flow is-style-plain--3\" style=\"font-style:normal;font-weight:400\">\n<div class=\"wp-block-group has-global-padding is-content-justification-center is-layout-constrained wp-container-core-group-is-layout-f315d6da wp-block-group-is-layout-constrained\" style=\"margin-top:0;margin-bottom:0;padding-top:0;padding-right:0;padding-bottom:0;padding-left:0\">\n<p class=\"has-text-align-center has-accent-3-color has-text-color has-link-color has-literata-font-family wp-elements-0955948f8d11d4b34933a578118af92c\" style=\"font-size:clamp(20px, 1.25rem + ((1vw - 3.2px) * 1.176), 32px);font-style:normal;font-weight:300;letter-spacing:-2px;line-height:1.1\">Ured u Zadru<\/p>\n\n\n\n<p class=\"has-text-align-center has-accent-2-color has-text-color has-link-color has-fira-sans-font-family wp-elements-1d72d8ae931c70e8cdb2ed69698b9811\" style=\"font-size:clamp(0.875rem, 0.875rem + ((1vw - 0.2rem) * 0.667), 1.3rem);font-style:normal;font-weight:300;letter-spacing:0em;line-height:1.3\">Gabriela<br>gabi@breakaleg.hr<br>+385 95 837 1712<\/p>\n<\/div>\n<\/blockquote>\n<\/div>\n<\/div>\n<\/div>\n\n\n\n<p class=\"has-text-align-center has-accent-3-color has-text-color has-link-color has-literata-font-family has-xx-large-font-size wp-elements-793a1233a9fd06324030f5f331ae09e4\" style=\"font-style:normal;font-weight:300;letter-spacing:-2px\">Break a leg d.o.o. <\/p>\n\n\n\n<p class=\"has-text-align-center\">Za djelatnost turisti\u010dke agencije, promid\u017ebe i savjetovanja, sa sjedi\u0161tem u Zadru<br><br>Andrije Hebranga 10, 23000 Zadar<\/p>\n\n\n\n<p class=\"has-text-align-center\">MBS 110106366<br>OIB: 73679610672<br>VAT IT\/PDV ID: HR73679610672<br>IBAN: HR6524020061101023645<\/p>\n\n\n\n<p class=\"has-text-align-center\">Direktorice i osobe ovla\u0161tene za zastupanje: Ivana Lon\u010dar Ma\u0161ina i Anamaria Petani \u010cvrljak<br><br>Tijelo \u010dijem slu\u017ebenom nadzoru podlije\u017ee djelatnost turisti\u010dke agencije: Dr\u017eavni inspektorat, Turisti\u010dka inspekcija, \u0160ubi\u0107eva 29, 10000 Zagreb<br><\/p>\n\n\n\n<div style=\"height:100px\" aria-hidden=\"true\" class=\"wp-block-spacer\"><\/div>\n\n\n\n<p class=\"has-text-align-center\"><strong>OBAVIJEST O NA\u010cINU PODNO\u0160ENJA PISANIH PRIGOVORA<\/strong><\/p>\n\n\n\n<p class=\"has-text-align-center\">TEMELJEM \u010cLANKA 6. STAVAK 3. ZAKONA O PRU\u017dANJU USLUGA U TURIZMU (\u201cNARODNE NOVINE\u201d BROJ 130\/17., 25\/19., 98\/19., 42\/20. I 70\/21.).<\/p>\n\n\n\n<p class=\"has-text-align-center\">Potro\u0161a\u010di mogu podnijeti pisani prigovor u poslovnim prostorijama turisti\u010dke agencije ili putem e-maila:<\/p>\n\n\n\n<p class=\"has-text-align-center\"><a href=\"mailto:info@breakaleg.hr\">info@breakaleg.hr<\/a><\/p>\n\n\n\n<p class=\"has-text-align-center\">NA PISANI PRIGOVOR ODGOVORIT \u0106EMO U ROKU OD 15 DANA OD DANA ZAPRIMANJA PRIGOVORA<br><\/p>\n\n\n\n<div style=\"height:100px\" aria-hidden=\"true\" class=\"wp-block-spacer\"><\/div>","protected":false},"excerpt":{"rendered":"<p>CONTACT US Let\u2019s bring your vision to life! Whether you\u2019re planning an event, building your brand, or crafting the perfect message, we\u2019re here to help. Get in touch today, and let\u2019s create something unforgettable together. Get in Touch info@breakaleg.hr \u0160ibenik Office Anamariaanamaria@breakaleg.hr+385 99 323 9643 Zadar Office Ivanaivana@breakaleg.hr+385 91 507 5597 Zadar Office Gabrielagabi@breakaleg.hr+385 95 [&hellip;]<\/p>\n","protected":false},"author":2,"featured_media":0,"parent":0,"menu_order":0,"comment_status":"closed","ping_status":"closed","template":"page-no-title","meta":{"footnotes":""},"class_list":["post-64","page","type-page","status-publish","hentry"],"yoast_head":"<!-- This site is optimized with the Yoast SEO plugin v27.2 - https:\/\/yoast.com\/product\/yoast-seo-wordpress\/ -->\n<title>Contact us - Break A Leg!<\/title>\n<meta name=\"description\" content=\"Let\u2019s bring your vision to life! Whether you\u2019re planning an event, building your brand, or crafting the perfect message, we\u2019re here to help.\" \/>\n<meta name=\"robots\" content=\"index, follow, max-snippet:-1, max-image-preview:large, max-video-preview:-1\" \/>\n<link rel=\"canonical\" href=\"https:\/\/breakaleg.hr\/hr\/contact-us\/\" \/>\n<meta property=\"og:locale\" content=\"hr_HR\" \/>\n<meta property=\"og:type\" content=\"article\" \/>\n<meta property=\"og:title\" content=\"Contact us - Break A Leg!\" \/>\n<meta property=\"og:description\" content=\"Let\u2019s bring your vision to life! Whether you\u2019re planning an event, building your brand, or crafting the perfect message, we\u2019re here to help.\" \/>\n<meta property=\"og:url\" content=\"https:\/\/breakaleg.hr\/hr\/contact-us\/\" \/>\n<meta property=\"og:site_name\" content=\"Break A Leg!\" \/>\n<meta property=\"article:publisher\" content=\"https:\/\/www.facebook.com\/Break-a-leg-boutique-agency-100279338854742\/\" \/>\n<meta property=\"article:modified_time\" content=\"2025-12-17T19:05:41+00:00\" \/>\n<meta property=\"og:image\" content=\"https:\/\/breakaleg.hr\/wp-content\/uploads\/2025\/02\/BreakALeg-219-scaled.jpg\" \/>\n\t<meta property=\"og:image:width\" content=\"1707\" \/>\n\t<meta property=\"og:image:height\" content=\"2560\" \/>\n\t<meta property=\"og:image:type\" content=\"image\/jpeg\" \/>\n<meta name=\"twitter:card\" content=\"summary_large_image\" \/>\n<meta name=\"twitter:label1\" content=\"Procijenjeno vrijeme \u010ditanja\" \/>\n\t<meta name=\"twitter:data1\" content=\"1 minuta\" \/>\n<script type=\"application\/ld+json\" class=\"yoast-schema-graph\">{\"@context\":\"https:\/\/schema.org\",\"@graph\":[{\"@type\":\"WebPage\",\"@id\":\"https:\/\/breakaleg.hr\/contact-us\/\",\"url\":\"https:\/\/breakaleg.hr\/contact-us\/\",\"name\":\"Contact us - Break A Leg!\",\"isPartOf\":{\"@id\":\"https:\/\/breakaleg.hr\/#website\"},\"primaryImageOfPage\":{\"@id\":\"https:\/\/breakaleg.hr\/contact-us\/#primaryimage\"},\"image\":{\"@id\":\"https:\/\/breakaleg.hr\/contact-us\/#primaryimage\"},\"thumbnailUrl\":\"https:\/\/breakaleg.hr\/wp-content\/uploads\/2025\/02\/BreakALeg-219-scaled.jpg\",\"datePublished\":\"2025-01-30T14:26:18+00:00\",\"dateModified\":\"2025-12-17T19:05:41+00:00\",\"description\":\"Let\u2019s bring your vision to life! Whether you\u2019re planning an event, building your brand, or crafting the perfect message, we\u2019re here to help.\",\"breadcrumb\":{\"@id\":\"https:\/\/breakaleg.hr\/contact-us\/#breadcrumb\"},\"inLanguage\":\"hr\",\"potentialAction\":[{\"@type\":\"ReadAction\",\"target\":[\"https:\/\/breakaleg.hr\/contact-us\/\"]}]},{\"@type\":\"ImageObject\",\"inLanguage\":\"hr\",\"@id\":\"https:\/\/breakaleg.hr\/contact-us\/#primaryimage\",\"url\":\"https:\/\/breakaleg.hr\/wp-content\/uploads\/2025\/02\/BreakALeg-219-scaled.jpg\",\"contentUrl\":\"https:\/\/breakaleg.hr\/wp-content\/uploads\/2025\/02\/BreakALeg-219-scaled.jpg\"},{\"@type\":\"BreadcrumbList\",\"@id\":\"https:\/\/breakaleg.hr\/contact-us\/#breadcrumb\",\"itemListElement\":[{\"@type\":\"ListItem\",\"position\":1,\"name\":\"Home\",\"item\":\"https:\/\/breakaleg.hr\/\"},{\"@type\":\"ListItem\",\"position\":2,\"name\":\"Contact us\"}]},{\"@type\":\"WebSite\",\"@id\":\"https:\/\/breakaleg.hr\/#website\",\"url\":\"https:\/\/breakaleg.hr\/\",\"name\":\"Break A Leg!\",\"description\":\"Boutique Agency\",\"publisher\":{\"@id\":\"https:\/\/breakaleg.hr\/#organization\"},\"potentialAction\":[{\"@type\":\"SearchAction\",\"target\":{\"@type\":\"EntryPoint\",\"urlTemplate\":\"https:\/\/breakaleg.hr\/?s={search_term_string}\"},\"query-input\":{\"@type\":\"PropertyValueSpecification\",\"valueRequired\":true,\"valueName\":\"search_term_string\"}}],\"inLanguage\":\"hr\"},{\"@type\":\"Organization\",\"@id\":\"https:\/\/breakaleg.hr\/#organization\",\"name\":\"Break A Leg!\",\"url\":\"https:\/\/breakaleg.hr\/\",\"logo\":{\"@type\":\"ImageObject\",\"inLanguage\":\"hr\",\"@id\":\"https:\/\/breakaleg.hr\/#\/schema\/logo\/image\/\",\"url\":\"https:\/\/breakaleg.hr\/wp-content\/uploads\/2025\/05\/logo-full-black-purple.svg\",\"contentUrl\":\"https:\/\/breakaleg.hr\/wp-content\/uploads\/2025\/05\/logo-full-black-purple.svg\",\"width\":360,\"height\":273,\"caption\":\"Break A Leg!\"},\"image\":{\"@id\":\"https:\/\/breakaleg.hr\/#\/schema\/logo\/image\/\"},\"sameAs\":[\"https:\/\/www.facebook.com\/Break-a-leg-boutique-agency-100279338854742\/\",\"https:\/\/www.instagram.com\/breakaleg_agency\/\",\"https:\/\/www.linkedin.com\/company\/break-a-leg-boutique-agency\/\"]}]}<\/script>\n<!-- \/ Yoast SEO plugin. -->","yoast_head_json":{"title":"Contact us - Break A Leg!","description":"Let\u2019s bring your vision to life! Whether you\u2019re planning an event, building your brand, or crafting the perfect message, we\u2019re here to help.","robots":{"index":"index","follow":"follow","max-snippet":"max-snippet:-1","max-image-preview":"max-image-preview:large","max-video-preview":"max-video-preview:-1"},"canonical":"https:\/\/breakaleg.hr\/hr\/contact-us\/","og_locale":"hr_HR","og_type":"article","og_title":"Contact us - Break A Leg!","og_description":"Let\u2019s bring your vision to life! Whether you\u2019re planning an event, building your brand, or crafting the perfect message, we\u2019re here to help.","og_url":"https:\/\/breakaleg.hr\/hr\/contact-us\/","og_site_name":"Break A Leg!","article_publisher":"https:\/\/www.facebook.com\/Break-a-leg-boutique-agency-100279338854742\/","article_modified_time":"2025-12-17T19:05:41+00:00","og_image":[{"width":1707,"height":2560,"url":"https:\/\/breakaleg.hr\/wp-content\/uploads\/2025\/02\/BreakALeg-219-scaled.jpg","type":"image\/jpeg"}],"twitter_card":"summary_large_image","twitter_misc":{"Procijenjeno vrijeme \u010ditanja":"1 minuta"},"schema":{"@context":"https:\/\/schema.org","@graph":[{"@type":"WebPage","@id":"https:\/\/breakaleg.hr\/contact-us\/","url":"https:\/\/breakaleg.hr\/contact-us\/","name":"Contact us - Break A Leg!","isPartOf":{"@id":"https:\/\/breakaleg.hr\/#website"},"primaryImageOfPage":{"@id":"https:\/\/breakaleg.hr\/contact-us\/#primaryimage"},"image":{"@id":"https:\/\/breakaleg.hr\/contact-us\/#primaryimage"},"thumbnailUrl":"https:\/\/breakaleg.hr\/wp-content\/uploads\/2025\/02\/BreakALeg-219-scaled.jpg","datePublished":"2025-01-30T14:26:18+00:00","dateModified":"2025-12-17T19:05:41+00:00","description":"Let\u2019s bring your vision to life! Whether you\u2019re planning an event, building your brand, or crafting the perfect message, we\u2019re here to help.","breadcrumb":{"@id":"https:\/\/breakaleg.hr\/contact-us\/#breadcrumb"},"inLanguage":"hr","potentialAction":[{"@type":"ReadAction","target":["https:\/\/breakaleg.hr\/contact-us\/"]}]},{"@type":"ImageObject","inLanguage":"hr","@id":"https:\/\/breakaleg.hr\/contact-us\/#primaryimage","url":"https:\/\/breakaleg.hr\/wp-content\/uploads\/2025\/02\/BreakALeg-219-scaled.jpg","contentUrl":"https:\/\/breakaleg.hr\/wp-content\/uploads\/2025\/02\/BreakALeg-219-scaled.jpg"},{"@type":"BreadcrumbList","@id":"https:\/\/breakaleg.hr\/contact-us\/#breadcrumb","itemListElement":[{"@type":"ListItem","position":1,"name":"Home","item":"https:\/\/breakaleg.hr\/"},{"@type":"ListItem","position":2,"name":"Contact us"}]},{"@type":"WebSite","@id":"https:\/\/breakaleg.hr\/#website","url":"https:\/\/breakaleg.hr\/","name":"Break A Leg!","description":"Boutique Agency","publisher":{"@id":"https:\/\/breakaleg.hr\/#organization"},"potentialAction":[{"@type":"SearchAction","target":{"@type":"EntryPoint","urlTemplate":"https:\/\/breakaleg.hr\/?s={search_term_string}"},"query-input":{"@type":"PropertyValueSpecification","valueRequired":true,"valueName":"search_term_string"}}],"inLanguage":"hr"},{"@type":"Organization","@id":"https:\/\/breakaleg.hr\/#organization","name":"Break A Leg!","url":"https:\/\/breakaleg.hr\/","logo":{"@type":"ImageObject","inLanguage":"hr","@id":"https:\/\/breakaleg.hr\/#\/schema\/logo\/image\/","url":"https:\/\/breakaleg.hr\/wp-content\/uploads\/2025\/05\/logo-full-black-purple.svg","contentUrl":"https:\/\/breakaleg.hr\/wp-content\/uploads\/2025\/05\/logo-full-black-purple.svg","width":360,"height":273,"caption":"Break A Leg!"},"image":{"@id":"https:\/\/breakaleg.hr\/#\/schema\/logo\/image\/"},"sameAs":["https:\/\/www.facebook.com\/Break-a-leg-boutique-agency-100279338854742\/","https:\/\/www.instagram.com\/breakaleg_agency\/","https:\/\/www.linkedin.com\/company\/break-a-leg-boutique-agency\/"]}]}},"_links":{"self":[{"href":"https:\/\/breakaleg.hr\/hr\/wp-json\/wp\/v2\/pages\/64","targetHints":{"allow":["GET"]}}],"collection":[{"href":"https:\/\/breakaleg.hr\/hr\/wp-json\/wp\/v2\/pages"}],"about":[{"href":"https:\/\/breakaleg.hr\/hr\/wp-json\/wp\/v2\/types\/page"}],"author":[{"embeddable":true,"href":"https:\/\/breakaleg.hr\/hr\/wp-json\/wp\/v2\/users\/2"}],"replies":[{"embeddable":true,"href":"https:\/\/breakaleg.hr\/hr\/wp-json\/wp\/v2\/comments?post=64"}],"version-history":[{"count":19,"href":"https:\/\/breakaleg.hr\/hr\/wp-json\/wp\/v2\/pages\/64\/revisions"}],"predecessor-version":[{"id":1088,"href":"https:\/\/breakaleg.hr\/hr\/wp-json\/wp\/v2\/pages\/64\/revisions\/1088"}],"wp:attachment":[{"href":"https:\/\/breakaleg.hr\/hr\/wp-json\/wp\/v2\/media?parent=64"}],"curies":[{"name":"wp","href":"https:\/\/api.w.org\/{rel}","templated":true}]}}