{"id":516,"date":"2025-03-11T19:14:17","date_gmt":"2025-03-11T18:14:17","guid":{"rendered":"https:\/\/breakaleg.hr\/?page_id=516"},"modified":"2025-05-08T15:33:32","modified_gmt":"2025-05-08T13:33:32","slug":"social-media","status":"publish","type":"page","link":"https:\/\/breakaleg.hr\/hr\/social-media\/","title":{"rendered":"Dru\u0161tvene mre\u017ee"},"content":{"rendered":"<div class=\"wp-block-group alignfull has-global-padding is-layout-constrained wp-container-core-group-is-layout-0c9c989a wp-block-group-is-layout-constrained\" style=\"min-height:0vh;margin-top:0;margin-bottom:0;padding-top:var(--wp--preset--spacing--70);padding-right:var(--wp--preset--spacing--40);padding-bottom:var(--wp--preset--spacing--70);padding-left:var(--wp--preset--spacing--40)\">\n<div class=\"wp-block-group has-global-padding is-layout-constrained wp-container-core-group-is-layout-346627ba wp-block-group-is-layout-constrained\">\n<h2 class=\"wp-block-heading has-text-align-center\" style=\"margin-right:0;margin-left:0;padding-right:0;padding-left:0;font-size:clamp(3.037rem, 3.037rem + ((1vw - 0.2rem) * 4.648), 6rem);font-style:normal;font-weight:300;letter-spacing:-2px;line-height:1;text-transform:uppercase\">DRU\u0160TVENE MRE\u017dE<\/h2>\n\n\n\n<figure class=\"wp-block-image size-full\"><img loading=\"lazy\" decoding=\"async\" width=\"1707\" height=\"2560\" src=\"https:\/\/breakaleg.hr\/wp-content\/uploads\/2025\/02\/BreakALeg-194-scaled.jpg\" alt=\"\" class=\"wp-image-363\" srcset=\"https:\/\/breakaleg.hr\/wp-content\/uploads\/2025\/02\/BreakALeg-194-scaled.jpg 1707w, https:\/\/breakaleg.hr\/wp-content\/uploads\/2025\/02\/BreakALeg-194-200x300.jpg 200w, https:\/\/breakaleg.hr\/wp-content\/uploads\/2025\/02\/BreakALeg-194-683x1024.jpg 683w, https:\/\/breakaleg.hr\/wp-content\/uploads\/2025\/02\/BreakALeg-194-768x1152.jpg 768w, https:\/\/breakaleg.hr\/wp-content\/uploads\/2025\/02\/BreakALeg-194-1024x1536.jpg 1024w, https:\/\/breakaleg.hr\/wp-content\/uploads\/2025\/02\/BreakALeg-194-1365x2048.jpg 1365w, https:\/\/breakaleg.hr\/wp-content\/uploads\/2025\/02\/BreakALeg-194-1080x1620.jpg 1080w\" sizes=\"auto, (max-width: 1707px) 100vw, 1707px\" \/><\/figure>\n\n\n\n<p class=\"has-text-align-center\">U velikoj koli\u010dini online informacija, va\u0161 brend mora brzo privu\u0107i pa\u017enju. Na\u0161e strategije dru\u0161tvenih medija i ogla\u0161avanja osmi\u0161ljene su kako bi anga\u017eirale, inspirirale i postigle zadane ciljeve. Od stvaranja sadr\u017eaja i upravljanja zajednicom do kampanja za ogla\u0161avanje, stvaramo digitalna iskustva koja pove\u0107avaju va\u0161u publiku, poti\u010du anga\u017eman i donose stvarne rezultate. <\/p>\n\n\n\n<p class=\"has-text-align-center\">Pretvorimo klikove u prijateljstva, a pratitelje u vjerne kupce!<\/p>\n\n\n\n<div class=\"wp-block-buttons is-content-justification-center is-layout-flex wp-container-core-buttons-is-layout-a89b3969 wp-block-buttons-is-layout-flex\">\n<div class=\"wp-block-button\"><a class=\"wp-block-button__link has-custom-font-size wp-element-button\" href=\"https:\/\/breakaleg.hr\/hr\/contact-us\/\" style=\"font-size:clamp(0.875rem, 0.875rem + ((1vw - 0.2rem) * 0.196), 1rem);\">KONTAKTIRAJTE NAS<\/a><\/div>\n<\/div>\n<\/div>\n<\/div>\n\n\n\n<hr class=\"wp-block-separator alignfull has-alpha-channel-opacity\"\/>\n\n\n\n<div class=\"wp-block-group alignfull has-global-padding is-layout-constrained wp-container-core-group-is-layout-ebee8dc1 wp-block-group-is-layout-constrained\" style=\"margin-top:0;margin-bottom:0;padding-top:var(--wp--preset--spacing--50);padding-bottom:var(--wp--preset--spacing--50)\">\n<h2 class=\"wp-block-heading alignwide\" style=\"font-size:clamp(1.976rem, 1.976rem + ((1vw - 0.2rem) * 2.391), 3.5rem);font-style:normal;font-weight:300;letter-spacing:-2px\">Na\u0161e usluge<\/h2>\n\n\n\n<div class=\"wp-block-columns alignwide is-layout-flex wp-container-core-columns-is-layout-d0b3c9c8 wp-block-columns-is-layout-flex\">\n<div class=\"wp-block-column is-layout-flow wp-block-column-is-layout-flow\">\n<figure class=\"wp-block-image size-full\" style=\"margin-bottom:24px\"><img loading=\"lazy\" decoding=\"async\" width=\"2048\" height=\"1365\" src=\"https:\/\/breakaleg.hr\/wp-content\/uploads\/2025\/03\/BreakALeg-214.jpg\" alt=\"\" class=\"wp-image-624\" style=\"aspect-ratio:4\/3;object-fit:cover\" srcset=\"https:\/\/breakaleg.hr\/wp-content\/uploads\/2025\/03\/BreakALeg-214.jpg 2048w, https:\/\/breakaleg.hr\/wp-content\/uploads\/2025\/03\/BreakALeg-214-300x200.jpg 300w, https:\/\/breakaleg.hr\/wp-content\/uploads\/2025\/03\/BreakALeg-214-1024x683.jpg 1024w, https:\/\/breakaleg.hr\/wp-content\/uploads\/2025\/03\/BreakALeg-214-768x512.jpg 768w, https:\/\/breakaleg.hr\/wp-content\/uploads\/2025\/03\/BreakALeg-214-1536x1024.jpg 1536w, https:\/\/breakaleg.hr\/wp-content\/uploads\/2025\/03\/BreakALeg-214-1080x720.jpg 1080w\" sizes=\"auto, (max-width: 2048px) 100vw, 2048px\" \/><\/figure>\n\n\n\n<h3 class=\"wp-block-heading\" style=\"font-style:normal;font-weight:300\">Vo\u0111enje dru\u0161tvenih mre\u017ea<\/h3>\n\n\n\n<p class=\"has-medium-font-size\">Marketing na dru\u0161tvenim mre\u017eama odnosi se na stvaranje i dijeljenje zanimljivog sadr\u017eaja kako bi se pove\u0107ala online prisutnost brenda. Uklju\u010duje strategiju, upravljanje zajednicom i anga\u017eman publike na platformama poput Instagrama, Facebooka, LinkedIna, TikToka i drugih.<\/p>\n<\/div>\n\n\n\n<div class=\"wp-block-column is-layout-flow wp-block-column-is-layout-flow\">\n<figure class=\"wp-block-image size-full\" style=\"margin-bottom:24px\"><img loading=\"lazy\" decoding=\"async\" width=\"1707\" height=\"2560\" src=\"https:\/\/breakaleg.hr\/wp-content\/uploads\/2025\/02\/BreakALeg-72-scaled.jpg\" alt=\"\" class=\"wp-image-323\" style=\"aspect-ratio:4\/3;object-fit:cover\" srcset=\"https:\/\/breakaleg.hr\/wp-content\/uploads\/2025\/02\/BreakALeg-72-scaled.jpg 1707w, https:\/\/breakaleg.hr\/wp-content\/uploads\/2025\/02\/BreakALeg-72-200x300.jpg 200w, https:\/\/breakaleg.hr\/wp-content\/uploads\/2025\/02\/BreakALeg-72-683x1024.jpg 683w, https:\/\/breakaleg.hr\/wp-content\/uploads\/2025\/02\/BreakALeg-72-768x1152.jpg 768w, https:\/\/breakaleg.hr\/wp-content\/uploads\/2025\/02\/BreakALeg-72-1024x1536.jpg 1024w, https:\/\/breakaleg.hr\/wp-content\/uploads\/2025\/02\/BreakALeg-72-1365x2048.jpg 1365w, https:\/\/breakaleg.hr\/wp-content\/uploads\/2025\/02\/BreakALeg-72-1080x1620.jpg 1080w\" sizes=\"auto, (max-width: 1707px) 100vw, 1707px\" \/><\/figure>\n\n\n\n<h3 class=\"wp-block-heading\" style=\"font-style:normal;font-weight:300\">Ogla\u0161avanje na dru\u0161tvenim mre\u017eama<\/h3>\n\n\n\n<p class=\"has-medium-font-size\">Ogla\u0161avanje na dru\u0161tvenim mre\u017eama koristi pla\u0107ene promocije na platformama poput Facebooka, Instagrama i TikToka za ciljanje odre\u0111ene publike, pove\u0107anje prepoznatljivosti brenda i poticanje prodaje. To je mo\u0107an na\u010din da doprete do pravih ljudi prilago\u0111enim porukama i prona\u0111ete svoju publiku.<\/p>\n<\/div>\n\n\n\n<div class=\"wp-block-column is-layout-flow wp-block-column-is-layout-flow\">\n<figure class=\"wp-block-image size-full\" style=\"margin-bottom:24px\"><img loading=\"lazy\" decoding=\"async\" width=\"2048\" height=\"1365\" src=\"https:\/\/breakaleg.hr\/wp-content\/uploads\/2025\/02\/BreakALeg-223.jpg\" alt=\"\" class=\"wp-image-372\" style=\"aspect-ratio:4\/3;object-fit:cover\" srcset=\"https:\/\/breakaleg.hr\/wp-content\/uploads\/2025\/02\/BreakALeg-223.jpg 2048w, https:\/\/breakaleg.hr\/wp-content\/uploads\/2025\/02\/BreakALeg-223-300x200.jpg 300w, https:\/\/breakaleg.hr\/wp-content\/uploads\/2025\/02\/BreakALeg-223-1024x683.jpg 1024w, https:\/\/breakaleg.hr\/wp-content\/uploads\/2025\/02\/BreakALeg-223-768x512.jpg 768w, https:\/\/breakaleg.hr\/wp-content\/uploads\/2025\/02\/BreakALeg-223-1536x1024.jpg 1536w, https:\/\/breakaleg.hr\/wp-content\/uploads\/2025\/02\/BreakALeg-223-1080x720.jpg 1080w\" sizes=\"auto, (max-width: 2048px) 100vw, 2048px\" \/><\/figure>\n\n\n\n<h3 class=\"wp-block-heading\" style=\"font-style:normal;font-weight:300\">Stvaranje sadr\u017eaja<\/h3>\n\n\n\n<p class=\"has-medium-font-size\">Stvaranje sadr\u017eaja uklju\u010duje izradu visokokvalitetnih materijala poput objava na blogu, videa, grafika i objava na dru\u0161tvenim mre\u017eama koje informiraju, zabavljaju i anga\u017eiraju va\u0161u publiku. Izvrstan sadr\u017eaj gradi povjerenje u brend, privla\u010di pratitelje i poti\u010de konverzije.<\/p>\n<\/div>\n<\/div>\n<\/div>\n\n\n\n<hr class=\"wp-block-separator alignfull has-alpha-channel-opacity\"\/>\n\n\n\n<div class=\"wp-block-group alignfull has-global-padding is-layout-constrained wp-container-core-group-is-layout-82e4aa9c wp-block-group-is-layout-constrained\" style=\"min-height:0vh;margin-top:0;margin-bottom:0;padding-top:var(--wp--preset--spacing--50);padding-right:var(--wp--preset--spacing--40);padding-bottom:var(--wp--preset--spacing--50);padding-left:var(--wp--preset--spacing--40)\">\n<div class=\"wp-block-group has-global-padding is-layout-constrained wp-container-core-group-is-layout-346627ba wp-block-group-is-layout-constrained\">\n<h2 class=\"wp-block-heading has-text-align-center\" style=\"margin-right:0;margin-left:0;padding-right:0;padding-left:0;font-size:clamp(1.976rem, 1.976rem + ((1vw - 0.2rem) * 2.391), 3.5rem);font-style:normal;font-weight:300;letter-spacing:-2px\">Javite nam se!<\/h2>\n\n\n\n<p class=\"has-text-align-center\">Spremni ste stvoriti ne\u0161to nevjerojatno? Pove\u017eimo se, stvarajmo i ostavimo trag \u2013 zajedno. Javite nam se jo\u0161 danas, veselimo se \u0161to \u0107emo vas upoznati!<\/p>\n\n\n\n<div class=\"wp-block-buttons is-content-justification-center is-layout-flex wp-container-core-buttons-is-layout-a89b3969 wp-block-buttons-is-layout-flex\">\n<div class=\"wp-block-button\"><a class=\"wp-block-button__link has-custom-font-size wp-element-button\" href=\"https:\/\/breakaleg.hr\/hr\/contact-us\/\" style=\"font-size:clamp(0.875rem, 0.875rem + ((1vw - 0.2rem) * 0.196), 1rem);\">KONTAKTIRAJTE NAS<\/a><\/div>\n<\/div>\n<\/div>\n<\/div>\n\n\n\n<figure class=\"wp-block-gallery alignwide has-nested-images columns-default is-cropped wp-block-gallery-1 is-layout-flex wp-block-gallery-is-layout-flex\">\n<figure class=\"wp-block-image size-large\"><img loading=\"lazy\" decoding=\"async\" width=\"1024\" height=\"1024\" data-id=\"512\" src=\"https:\/\/breakaleg.hr\/wp-content\/uploads\/2025\/03\/BreakALeg-6-edited-1024x1024.jpg\" alt=\"\" class=\"wp-image-512\" srcset=\"https:\/\/breakaleg.hr\/wp-content\/uploads\/2025\/03\/BreakALeg-6-edited-1024x1024.jpg 1024w, https:\/\/breakaleg.hr\/wp-content\/uploads\/2025\/03\/BreakALeg-6-edited-300x300.jpg 300w, https:\/\/breakaleg.hr\/wp-content\/uploads\/2025\/03\/BreakALeg-6-edited-150x150.jpg 150w, https:\/\/breakaleg.hr\/wp-content\/uploads\/2025\/03\/BreakALeg-6-edited-768x767.jpg 768w, https:\/\/breakaleg.hr\/wp-content\/uploads\/2025\/03\/BreakALeg-6-edited-1080x1079.jpg 1080w, https:\/\/breakaleg.hr\/wp-content\/uploads\/2025\/03\/BreakALeg-6-edited.jpg 1366w\" sizes=\"auto, (max-width: 1024px) 100vw, 1024px\" \/><\/figure>\n\n\n\n<figure class=\"wp-block-image size-large\"><img loading=\"lazy\" decoding=\"async\" width=\"1024\" height=\"1024\" data-id=\"449\" src=\"https:\/\/breakaleg.hr\/wp-content\/uploads\/2025\/03\/BreakALeg-322-edited-1024x1024.jpg\" alt=\"\" class=\"wp-image-449\" srcset=\"https:\/\/breakaleg.hr\/wp-content\/uploads\/2025\/03\/BreakALeg-322-edited-1024x1024.jpg 1024w, https:\/\/breakaleg.hr\/wp-content\/uploads\/2025\/03\/BreakALeg-322-edited-300x300.jpg 300w, https:\/\/breakaleg.hr\/wp-content\/uploads\/2025\/03\/BreakALeg-322-edited-150x150.jpg 150w, https:\/\/breakaleg.hr\/wp-content\/uploads\/2025\/03\/BreakALeg-322-edited-768x768.jpg 768w, https:\/\/breakaleg.hr\/wp-content\/uploads\/2025\/03\/BreakALeg-322-edited-1536x1536.jpg 1536w, https:\/\/breakaleg.hr\/wp-content\/uploads\/2025\/03\/BreakALeg-322-edited-1080x1081.jpg 1080w, https:\/\/breakaleg.hr\/wp-content\/uploads\/2025\/03\/BreakALeg-322-edited.jpg 2048w\" sizes=\"auto, (max-width: 1024px) 100vw, 1024px\" \/><\/figure>\n<\/figure>\n\n\n\n<div style=\"height:var(--wp--preset--spacing--60)\" aria-hidden=\"true\" class=\"wp-block-spacer\"><\/div>","protected":false},"excerpt":{"rendered":"<p>social media In a world that\u2019s always scrolling, your brand needs to capture attention fast. Our social media and advertising strategies are designed to engage, inspire, and convert. From content creation and community management to targeted ad campaigns, we craft digital experiences that grow your audience, boost engagement, and drive real results. Let\u2019s turn clicks [&hellip;]<\/p>\n","protected":false},"author":2,"featured_media":0,"parent":0,"menu_order":0,"comment_status":"closed","ping_status":"closed","template":"page-no-title","meta":{"footnotes":""},"class_list":["post-516","page","type-page","status-publish","hentry"],"yoast_head":"<!-- This site is optimized with the Yoast SEO plugin v27.2 - https:\/\/yoast.com\/product\/yoast-seo-wordpress\/ -->\n<title>Social Media - Break A Leg!<\/title>\n<meta name=\"description\" content=\"In a world that\u2019s always scrolling, your brand needs to capture attention fast. Our social media and advertising strategies are designed to engage, inspire, and convert.\" \/>\n<meta name=\"robots\" content=\"index, follow, max-snippet:-1, max-image-preview:large, max-video-preview:-1\" \/>\n<link rel=\"canonical\" href=\"https:\/\/breakaleg.hr\/hr\/social-media\/\" \/>\n<meta property=\"og:locale\" content=\"hr_HR\" \/>\n<meta property=\"og:type\" content=\"article\" \/>\n<meta property=\"og:title\" content=\"Social Media - Break A Leg!\" \/>\n<meta property=\"og:description\" content=\"In a world that\u2019s always scrolling, your brand needs to capture attention fast. Our social media and advertising strategies are designed to engage, inspire, and convert.\" \/>\n<meta property=\"og:url\" content=\"https:\/\/breakaleg.hr\/hr\/social-media\/\" \/>\n<meta property=\"og:site_name\" content=\"Break A Leg!\" \/>\n<meta property=\"article:publisher\" content=\"https:\/\/www.facebook.com\/Break-a-leg-boutique-agency-100279338854742\/\" \/>\n<meta property=\"article:modified_time\" content=\"2025-05-08T13:33:32+00:00\" \/>\n<meta property=\"og:image\" content=\"https:\/\/breakaleg.hr\/wp-content\/uploads\/2025\/02\/BreakALeg-194-scaled.jpg\" \/>\n\t<meta property=\"og:image:width\" content=\"1707\" \/>\n\t<meta property=\"og:image:height\" content=\"2560\" \/>\n\t<meta property=\"og:image:type\" content=\"image\/jpeg\" \/>\n<meta name=\"twitter:card\" content=\"summary_large_image\" \/>\n<meta name=\"twitter:label1\" content=\"Procijenjeno vrijeme \u010ditanja\" \/>\n\t<meta name=\"twitter:data1\" content=\"4 minute\" \/>\n<script type=\"application\/ld+json\" class=\"yoast-schema-graph\">{\"@context\":\"https:\/\/schema.org\",\"@graph\":[{\"@type\":\"WebPage\",\"@id\":\"https:\/\/breakaleg.hr\/social-media\/\",\"url\":\"https:\/\/breakaleg.hr\/social-media\/\",\"name\":\"Social Media - Break A Leg!\",\"isPartOf\":{\"@id\":\"https:\/\/breakaleg.hr\/#website\"},\"primaryImageOfPage\":{\"@id\":\"https:\/\/breakaleg.hr\/social-media\/#primaryimage\"},\"image\":{\"@id\":\"https:\/\/breakaleg.hr\/social-media\/#primaryimage\"},\"thumbnailUrl\":\"https:\/\/breakaleg.hr\/wp-content\/uploads\/2025\/02\/BreakALeg-194-scaled.jpg\",\"datePublished\":\"2025-03-11T18:14:17+00:00\",\"dateModified\":\"2025-05-08T13:33:32+00:00\",\"description\":\"In a world that\u2019s always scrolling, your brand needs to capture attention fast. Our social media and advertising strategies are designed to engage, inspire, and convert.\",\"breadcrumb\":{\"@id\":\"https:\/\/breakaleg.hr\/social-media\/#breadcrumb\"},\"inLanguage\":\"hr\",\"potentialAction\":[{\"@type\":\"ReadAction\",\"target\":[\"https:\/\/breakaleg.hr\/social-media\/\"]}]},{\"@type\":\"ImageObject\",\"inLanguage\":\"hr\",\"@id\":\"https:\/\/breakaleg.hr\/social-media\/#primaryimage\",\"url\":\"https:\/\/breakaleg.hr\/wp-content\/uploads\/2025\/02\/BreakALeg-194-scaled.jpg\",\"contentUrl\":\"https:\/\/breakaleg.hr\/wp-content\/uploads\/2025\/02\/BreakALeg-194-scaled.jpg\"},{\"@type\":\"BreadcrumbList\",\"@id\":\"https:\/\/breakaleg.hr\/social-media\/#breadcrumb\",\"itemListElement\":[{\"@type\":\"ListItem\",\"position\":1,\"name\":\"Home\",\"item\":\"https:\/\/breakaleg.hr\/\"},{\"@type\":\"ListItem\",\"position\":2,\"name\":\"Social Media\"}]},{\"@type\":\"WebSite\",\"@id\":\"https:\/\/breakaleg.hr\/#website\",\"url\":\"https:\/\/breakaleg.hr\/\",\"name\":\"Break A Leg!\",\"description\":\"Boutique Agency\",\"publisher\":{\"@id\":\"https:\/\/breakaleg.hr\/#organization\"},\"potentialAction\":[{\"@type\":\"SearchAction\",\"target\":{\"@type\":\"EntryPoint\",\"urlTemplate\":\"https:\/\/breakaleg.hr\/?s={search_term_string}\"},\"query-input\":{\"@type\":\"PropertyValueSpecification\",\"valueRequired\":true,\"valueName\":\"search_term_string\"}}],\"inLanguage\":\"hr\"},{\"@type\":\"Organization\",\"@id\":\"https:\/\/breakaleg.hr\/#organization\",\"name\":\"Break A Leg!\",\"url\":\"https:\/\/breakaleg.hr\/\",\"logo\":{\"@type\":\"ImageObject\",\"inLanguage\":\"hr\",\"@id\":\"https:\/\/breakaleg.hr\/#\/schema\/logo\/image\/\",\"url\":\"https:\/\/breakaleg.hr\/wp-content\/uploads\/2025\/05\/logo-full-black-purple.svg\",\"contentUrl\":\"https:\/\/breakaleg.hr\/wp-content\/uploads\/2025\/05\/logo-full-black-purple.svg\",\"width\":360,\"height\":273,\"caption\":\"Break A Leg!\"},\"image\":{\"@id\":\"https:\/\/breakaleg.hr\/#\/schema\/logo\/image\/\"},\"sameAs\":[\"https:\/\/www.facebook.com\/Break-a-leg-boutique-agency-100279338854742\/\",\"https:\/\/www.instagram.com\/breakaleg_agency\/\",\"https:\/\/www.linkedin.com\/company\/break-a-leg-boutique-agency\/\"]}]}<\/script>\n<!-- \/ Yoast SEO plugin. -->","yoast_head_json":{"title":"Social Media - Break A Leg!","description":"In a world that\u2019s always scrolling, your brand needs to capture attention fast. Our social media and advertising strategies are designed to engage, inspire, and convert.","robots":{"index":"index","follow":"follow","max-snippet":"max-snippet:-1","max-image-preview":"max-image-preview:large","max-video-preview":"max-video-preview:-1"},"canonical":"https:\/\/breakaleg.hr\/hr\/social-media\/","og_locale":"hr_HR","og_type":"article","og_title":"Social Media - Break A Leg!","og_description":"In a world that\u2019s always scrolling, your brand needs to capture attention fast. Our social media and advertising strategies are designed to engage, inspire, and convert.","og_url":"https:\/\/breakaleg.hr\/hr\/social-media\/","og_site_name":"Break A Leg!","article_publisher":"https:\/\/www.facebook.com\/Break-a-leg-boutique-agency-100279338854742\/","article_modified_time":"2025-05-08T13:33:32+00:00","og_image":[{"width":1707,"height":2560,"url":"https:\/\/breakaleg.hr\/wp-content\/uploads\/2025\/02\/BreakALeg-194-scaled.jpg","type":"image\/jpeg"}],"twitter_card":"summary_large_image","twitter_misc":{"Procijenjeno vrijeme \u010ditanja":"4 minute"},"schema":{"@context":"https:\/\/schema.org","@graph":[{"@type":"WebPage","@id":"https:\/\/breakaleg.hr\/social-media\/","url":"https:\/\/breakaleg.hr\/social-media\/","name":"Social Media - Break A Leg!","isPartOf":{"@id":"https:\/\/breakaleg.hr\/#website"},"primaryImageOfPage":{"@id":"https:\/\/breakaleg.hr\/social-media\/#primaryimage"},"image":{"@id":"https:\/\/breakaleg.hr\/social-media\/#primaryimage"},"thumbnailUrl":"https:\/\/breakaleg.hr\/wp-content\/uploads\/2025\/02\/BreakALeg-194-scaled.jpg","datePublished":"2025-03-11T18:14:17+00:00","dateModified":"2025-05-08T13:33:32+00:00","description":"In a world that\u2019s always scrolling, your brand needs to capture attention fast. Our social media and advertising strategies are designed to engage, inspire, and convert.","breadcrumb":{"@id":"https:\/\/breakaleg.hr\/social-media\/#breadcrumb"},"inLanguage":"hr","potentialAction":[{"@type":"ReadAction","target":["https:\/\/breakaleg.hr\/social-media\/"]}]},{"@type":"ImageObject","inLanguage":"hr","@id":"https:\/\/breakaleg.hr\/social-media\/#primaryimage","url":"https:\/\/breakaleg.hr\/wp-content\/uploads\/2025\/02\/BreakALeg-194-scaled.jpg","contentUrl":"https:\/\/breakaleg.hr\/wp-content\/uploads\/2025\/02\/BreakALeg-194-scaled.jpg"},{"@type":"BreadcrumbList","@id":"https:\/\/breakaleg.hr\/social-media\/#breadcrumb","itemListElement":[{"@type":"ListItem","position":1,"name":"Home","item":"https:\/\/breakaleg.hr\/"},{"@type":"ListItem","position":2,"name":"Social Media"}]},{"@type":"WebSite","@id":"https:\/\/breakaleg.hr\/#website","url":"https:\/\/breakaleg.hr\/","name":"Break A Leg!","description":"Boutique Agency","publisher":{"@id":"https:\/\/breakaleg.hr\/#organization"},"potentialAction":[{"@type":"SearchAction","target":{"@type":"EntryPoint","urlTemplate":"https:\/\/breakaleg.hr\/?s={search_term_string}"},"query-input":{"@type":"PropertyValueSpecification","valueRequired":true,"valueName":"search_term_string"}}],"inLanguage":"hr"},{"@type":"Organization","@id":"https:\/\/breakaleg.hr\/#organization","name":"Break A Leg!","url":"https:\/\/breakaleg.hr\/","logo":{"@type":"ImageObject","inLanguage":"hr","@id":"https:\/\/breakaleg.hr\/#\/schema\/logo\/image\/","url":"https:\/\/breakaleg.hr\/wp-content\/uploads\/2025\/05\/logo-full-black-purple.svg","contentUrl":"https:\/\/breakaleg.hr\/wp-content\/uploads\/2025\/05\/logo-full-black-purple.svg","width":360,"height":273,"caption":"Break A Leg!"},"image":{"@id":"https:\/\/breakaleg.hr\/#\/schema\/logo\/image\/"},"sameAs":["https:\/\/www.facebook.com\/Break-a-leg-boutique-agency-100279338854742\/","https:\/\/www.instagram.com\/breakaleg_agency\/","https:\/\/www.linkedin.com\/company\/break-a-leg-boutique-agency\/"]}]}},"_links":{"self":[{"href":"https:\/\/breakaleg.hr\/hr\/wp-json\/wp\/v2\/pages\/516","targetHints":{"allow":["GET"]}}],"collection":[{"href":"https:\/\/breakaleg.hr\/hr\/wp-json\/wp\/v2\/pages"}],"about":[{"href":"https:\/\/breakaleg.hr\/hr\/wp-json\/wp\/v2\/types\/page"}],"author":[{"embeddable":true,"href":"https:\/\/breakaleg.hr\/hr\/wp-json\/wp\/v2\/users\/2"}],"replies":[{"embeddable":true,"href":"https:\/\/breakaleg.hr\/hr\/wp-json\/wp\/v2\/comments?post=516"}],"version-history":[{"count":13,"href":"https:\/\/breakaleg.hr\/hr\/wp-json\/wp\/v2\/pages\/516\/revisions"}],"predecessor-version":[{"id":911,"href":"https:\/\/breakaleg.hr\/hr\/wp-json\/wp\/v2\/pages\/516\/revisions\/911"}],"wp:attachment":[{"href":"https:\/\/breakaleg.hr\/hr\/wp-json\/wp\/v2\/media?parent=516"}],"curies":[{"name":"wp","href":"https:\/\/api.w.org\/{rel}","templated":true}]}}