{"id":483,"date":"2025-03-11T18:34:58","date_gmt":"2025-03-11T17:34:58","guid":{"rendered":"https:\/\/breakaleg.hr\/?page_id=483"},"modified":"2025-05-21T16:51:43","modified_gmt":"2025-05-21T14:51:43","slug":"public-relations","status":"publish","type":"page","link":"https:\/\/breakaleg.hr\/hr\/public-relations\/","title":{"rendered":"Odnosi s javno\u0161\u0107u"},"content":{"rendered":"<div class=\"wp-block-group alignfull has-global-padding is-layout-constrained wp-container-core-group-is-layout-0c9c989a wp-block-group-is-layout-constrained\" style=\"min-height:0vh;margin-top:0;margin-bottom:0;padding-top:var(--wp--preset--spacing--70);padding-right:var(--wp--preset--spacing--40);padding-bottom:var(--wp--preset--spacing--70);padding-left:var(--wp--preset--spacing--40)\">\n<div class=\"wp-block-group has-global-padding is-layout-constrained wp-container-core-group-is-layout-346627ba wp-block-group-is-layout-constrained\">\n<h2 class=\"wp-block-heading has-text-align-center\" style=\"margin-right:0;margin-left:0;padding-right:0;padding-left:0;font-size:clamp(3.037rem, 3.037rem + ((1vw - 0.2rem) * 4.648), 6rem);font-style:normal;font-weight:300;letter-spacing:-2px;line-height:1;text-transform:uppercase\">ODNOSI S JAVNO\u0160\u0106U<\/h2>\n\n\n\n<figure class=\"wp-block-image size-large\"><img loading=\"lazy\" decoding=\"async\" width=\"683\" height=\"1024\" src=\"https:\/\/breakaleg.hr\/wp-content\/uploads\/2025\/02\/BreakALeg-18-683x1024.jpg\" alt=\"\" class=\"wp-image-300\" srcset=\"https:\/\/breakaleg.hr\/wp-content\/uploads\/2025\/02\/BreakALeg-18-683x1024.jpg 683w, https:\/\/breakaleg.hr\/wp-content\/uploads\/2025\/02\/BreakALeg-18-200x300.jpg 200w, https:\/\/breakaleg.hr\/wp-content\/uploads\/2025\/02\/BreakALeg-18-768x1152.jpg 768w, https:\/\/breakaleg.hr\/wp-content\/uploads\/2025\/02\/BreakALeg-18-1024x1536.jpg 1024w, https:\/\/breakaleg.hr\/wp-content\/uploads\/2025\/02\/BreakALeg-18-1365x2048.jpg 1365w, https:\/\/breakaleg.hr\/wp-content\/uploads\/2025\/02\/BreakALeg-18-1080x1620.jpg 1080w, https:\/\/breakaleg.hr\/wp-content\/uploads\/2025\/02\/BreakALeg-18-scaled.jpg 1707w\" sizes=\"auto, (max-width: 683px) 100vw, 683px\" \/><\/figure>\n\n\n\n<p class=\"has-text-align-center\">Percepcija javnosti mo\u017ee stvoriti ili uni\u0161titi brend, a mi smo tu da osiguramo da va\u0161 zablista. Kroz strate\u0161ki medijski doseg, isticanje va\u0161e pri\u010de i sna\u017ene veze s industrijom, va\u0161u poruku prenosimo pravim ljudima. <\/p>\n\n\n\n<p class=\"has-text-align-center\">Whether it\u2019s securing top-tier press coverage, managing crisis communications, or positioning you as a thought leader, we craft PR strategies that build trust, credibility, and lasting impact.<br><\/p>\n\n\n\n<div class=\"wp-block-buttons is-content-justification-center is-layout-flex wp-container-core-buttons-is-layout-a89b3969 wp-block-buttons-is-layout-flex\">\n<div class=\"wp-block-button\"><a class=\"wp-block-button__link has-custom-font-size wp-element-button\" href=\"https:\/\/breakaleg.hr\/hr\/contact-us\/\" style=\"font-size:clamp(0.875rem, 0.875rem + ((1vw - 0.2rem) * 0.196), 1rem);\">KONTAKTIRAJTE NAS<\/a><\/div>\n<\/div>\n<\/div>\n<\/div>\n\n\n\n<hr class=\"wp-block-separator alignfull has-alpha-channel-opacity\"\/>\n\n\n\n<div class=\"wp-block-group alignfull has-global-padding is-layout-constrained wp-container-core-group-is-layout-ebee8dc1 wp-block-group-is-layout-constrained\" style=\"margin-top:0;margin-bottom:0;padding-top:var(--wp--preset--spacing--50);padding-bottom:var(--wp--preset--spacing--50)\">\n<h2 class=\"wp-block-heading alignwide\" style=\"font-size:clamp(1.976rem, 1.976rem + ((1vw - 0.2rem) * 2.391), 3.5rem);font-style:normal;font-weight:300;letter-spacing:-2px\">Ovo uklju\u010duje<\/h2>\n\n\n\n<div class=\"wp-block-columns alignwide is-layout-flex wp-container-core-columns-is-layout-d0b3c9c8 wp-block-columns-is-layout-flex\">\n<div class=\"wp-block-column is-layout-flow wp-block-column-is-layout-flow\">\n<figure class=\"wp-block-image size-full\" style=\"margin-bottom:24px\"><img loading=\"lazy\" decoding=\"async\" width=\"2048\" height=\"1536\" src=\"https:\/\/breakaleg.hr\/wp-content\/uploads\/2025\/03\/BreakALeg-320-edited.jpg\" alt=\"\" class=\"wp-image-614\" style=\"aspect-ratio:4\/3;object-fit:cover\" srcset=\"https:\/\/breakaleg.hr\/wp-content\/uploads\/2025\/03\/BreakALeg-320-edited.jpg 2048w, https:\/\/breakaleg.hr\/wp-content\/uploads\/2025\/03\/BreakALeg-320-edited-300x225.jpg 300w, https:\/\/breakaleg.hr\/wp-content\/uploads\/2025\/03\/BreakALeg-320-edited-1024x768.jpg 1024w, https:\/\/breakaleg.hr\/wp-content\/uploads\/2025\/03\/BreakALeg-320-edited-768x576.jpg 768w, https:\/\/breakaleg.hr\/wp-content\/uploads\/2025\/03\/BreakALeg-320-edited-1536x1152.jpg 1536w, https:\/\/breakaleg.hr\/wp-content\/uploads\/2025\/03\/BreakALeg-320-edited-510x382.jpg 510w, https:\/\/breakaleg.hr\/wp-content\/uploads\/2025\/03\/BreakALeg-320-edited-1080x810.jpg 1080w\" sizes=\"auto, (max-width: 2048px) 100vw, 2048px\" \/><\/figure>\n\n\n\n<h3 class=\"wp-block-heading\" style=\"font-style:normal;font-weight:300\">Priop\u0107enja za javnost<\/h3>\n\n\n\n<p class=\"has-medium-font-size\">Priop\u0107enje za javnost slu\u017ebena je izjava poslana medijima kojom se objavljuju novosti, doga\u0111aji ili va\u017ene novosti o brendu. To je mo\u0107an alat za dobivanje medijske pokrivenosti i dijeljenje va\u0161e poruke sa \u0161irom publikom.<\/p>\n<\/div>\n\n\n\n<div class=\"wp-block-column is-layout-flow wp-block-column-is-layout-flow\">\n<figure class=\"wp-block-image size-full\" style=\"margin-bottom:24px\"><img loading=\"lazy\" decoding=\"async\" width=\"2048\" height=\"1536\" src=\"https:\/\/breakaleg.hr\/wp-content\/uploads\/2025\/03\/BreakALeg-317-edited.jpg\" alt=\"\" class=\"wp-image-616\" style=\"aspect-ratio:4\/3;object-fit:cover\" srcset=\"https:\/\/breakaleg.hr\/wp-content\/uploads\/2025\/03\/BreakALeg-317-edited.jpg 2048w, https:\/\/breakaleg.hr\/wp-content\/uploads\/2025\/03\/BreakALeg-317-edited-300x225.jpg 300w, https:\/\/breakaleg.hr\/wp-content\/uploads\/2025\/03\/BreakALeg-317-edited-1024x768.jpg 1024w, https:\/\/breakaleg.hr\/wp-content\/uploads\/2025\/03\/BreakALeg-317-edited-768x576.jpg 768w, https:\/\/breakaleg.hr\/wp-content\/uploads\/2025\/03\/BreakALeg-317-edited-1536x1152.jpg 1536w, https:\/\/breakaleg.hr\/wp-content\/uploads\/2025\/03\/BreakALeg-317-edited-510x382.jpg 510w, https:\/\/breakaleg.hr\/wp-content\/uploads\/2025\/03\/BreakALeg-317-edited-1080x810.jpg 1080w\" sizes=\"auto, (max-width: 2048px) 100vw, 2048px\" \/><\/figure>\n\n\n\n<h3 class=\"wp-block-heading\" style=\"font-style:normal;font-weight:300\">Odnosi s medijima<\/h3>\n\n\n\n<p class=\"has-medium-font-size\">Odnosi s medijima uklju\u010duju izgradnju i odr\u017eavanje sna\u017enih odnosa s novinarima, reporterima i influencerima kako bi se osiguralo pozitivno i dosljedno medijsko izvje\u0161tavanje o brendu. Radi se o predstavljanju pri\u010da, upravljanju upitima medija i odr\u017eavanju va\u0161eg brenda u sredi\u0161tu pozornosti.<\/p>\n<\/div>\n\n\n\n<div class=\"wp-block-column is-layout-flow wp-block-column-is-layout-flow\">\n<figure class=\"wp-block-image size-full\" style=\"margin-bottom:24px\"><img loading=\"lazy\" decoding=\"async\" width=\"1707\" height=\"2560\" src=\"https:\/\/breakaleg.hr\/wp-content\/uploads\/2025\/03\/BreakALeg-71-scaled.jpg\" alt=\"\" class=\"wp-image-398\" style=\"aspect-ratio:4\/3;object-fit:cover\" srcset=\"https:\/\/breakaleg.hr\/wp-content\/uploads\/2025\/03\/BreakALeg-71-scaled.jpg 1707w, https:\/\/breakaleg.hr\/wp-content\/uploads\/2025\/03\/BreakALeg-71-200x300.jpg 200w, https:\/\/breakaleg.hr\/wp-content\/uploads\/2025\/03\/BreakALeg-71-683x1024.jpg 683w, https:\/\/breakaleg.hr\/wp-content\/uploads\/2025\/03\/BreakALeg-71-768x1152.jpg 768w, https:\/\/breakaleg.hr\/wp-content\/uploads\/2025\/03\/BreakALeg-71-1024x1536.jpg 1024w, https:\/\/breakaleg.hr\/wp-content\/uploads\/2025\/03\/BreakALeg-71-1365x2048.jpg 1365w, https:\/\/breakaleg.hr\/wp-content\/uploads\/2025\/03\/BreakALeg-71-1080x1620.jpg 1080w\" sizes=\"auto, (max-width: 1707px) 100vw, 1707px\" \/><\/figure>\n\n\n\n<h3 class=\"wp-block-heading\" style=\"font-style:normal;font-weight:300\">Konferencije za medije<\/h3>\n\n\n\n<p class=\"has-medium-font-size\">Konferencija za novinare je medijski doga\u0111aj u\u017eivo gdje tvrtke ili javne osobe dijele va\u017ene objave, odgovaraju na pitanja i komuniciraju s novinarima. To je odli\u010dan na\u010din za kontrolu narativa i stvaranje utjecaja kroz medije.<\/p>\n<\/div>\n<\/div>\n<\/div>\n\n\n\n<hr class=\"wp-block-separator alignfull has-alpha-channel-opacity\"\/>\n\n\n\n<div class=\"wp-block-group alignfull has-global-padding is-layout-constrained wp-block-group-is-layout-constrained\" style=\"margin-top:0;margin-bottom:0;padding-top:var(--wp--preset--spacing--50);padding-bottom:var(--wp--preset--spacing--50)\">\n<div class=\"wp-block-columns alignwide tw-cols-stack-md-2 is-layout-flex wp-container-core-columns-is-layout-e2c3cc00 wp-block-columns-is-layout-flex\">\n<div class=\"wp-block-column is-layout-flow wp-block-column-is-layout-flow\" style=\"flex-basis:56%\">\n<figure class=\"wp-block-image size-full\"><img loading=\"lazy\" decoding=\"async\" width=\"2048\" height=\"2048\" src=\"https:\/\/breakaleg.hr\/wp-content\/uploads\/2025\/02\/BreakALeg-82-edited.jpg\" alt=\"\" class=\"wp-image-385\" style=\"aspect-ratio:1;object-fit:cover\" srcset=\"https:\/\/breakaleg.hr\/wp-content\/uploads\/2025\/02\/BreakALeg-82-edited.jpg 2048w, https:\/\/breakaleg.hr\/wp-content\/uploads\/2025\/02\/BreakALeg-82-edited-300x300.jpg 300w, https:\/\/breakaleg.hr\/wp-content\/uploads\/2025\/02\/BreakALeg-82-edited-1024x1024.jpg 1024w, https:\/\/breakaleg.hr\/wp-content\/uploads\/2025\/02\/BreakALeg-82-edited-150x150.jpg 150w, https:\/\/breakaleg.hr\/wp-content\/uploads\/2025\/02\/BreakALeg-82-edited-768x768.jpg 768w, https:\/\/breakaleg.hr\/wp-content\/uploads\/2025\/02\/BreakALeg-82-edited-1536x1536.jpg 1536w, https:\/\/breakaleg.hr\/wp-content\/uploads\/2025\/02\/BreakALeg-82-edited-1080x1080.jpg 1080w\" sizes=\"auto, (max-width: 2048px) 100vw, 2048px\" \/><\/figure>\n<\/div>\n\n\n\n<div class=\"wp-block-column is-vertically-aligned-center is-layout-flow wp-container-core-column-is-layout-119bc444 wp-block-column-is-layout-flow\">\n<h2 class=\"wp-block-heading\" style=\"font-size:clamp(1.976rem, 1.976rem + ((1vw - 0.2rem) * 2.391), 3.5rem);font-style:normal;font-weight:300;letter-spacing:-2px;line-height:1\">Na\u0161i projekti<\/h2>\n\n\n\n<p>Otkrijte kako originalne ideje pretvaramo u nezaboravna iskustva. Istra\u017eite na\u0161e projekte i uvjerite se u uspjeh koji stvaramo za brendove koji se \u017eele istaknuti!<\/p>\n\n\n\n<div class=\"wp-block-buttons is-layout-flex wp-block-buttons-is-layout-flex\">\n<div class=\"wp-block-button\"><a class=\"wp-block-button__link has-custom-font-size wp-element-button\" href=\"https:\/\/breakaleg.hr\/hr\/projects\/\" style=\"font-size:clamp(0.875rem, 0.875rem + ((1vw - 0.2rem) * 0.196), 1rem);\">Saznajte vi\u0161e<\/a><\/div>\n<\/div>\n<\/div>\n<\/div>\n<\/div>\n\n\n\n<hr class=\"wp-block-separator alignfull has-alpha-channel-opacity\"\/>\n\n\n\n<div class=\"wp-block-group alignfull has-global-padding is-layout-constrained wp-container-core-group-is-layout-82e4aa9c wp-block-group-is-layout-constrained\" style=\"min-height:0vh;margin-top:0;margin-bottom:0;padding-top:var(--wp--preset--spacing--50);padding-right:var(--wp--preset--spacing--40);padding-bottom:var(--wp--preset--spacing--50);padding-left:var(--wp--preset--spacing--40)\">\n<div class=\"wp-block-group has-global-padding is-layout-constrained wp-container-core-group-is-layout-346627ba wp-block-group-is-layout-constrained\">\n<h2 class=\"wp-block-heading has-text-align-center\" style=\"margin-right:0;margin-left:0;padding-right:0;padding-left:0;font-size:clamp(1.976rem, 1.976rem + ((1vw - 0.2rem) * 2.391), 3.5rem);font-style:normal;font-weight:300;letter-spacing:-2px\">Javite nam se!<\/h2>\n\n\n\n<p class=\"has-text-align-center\">Spremni ste stvoriti ne\u0161to nevjerojatno? Pove\u017eimo se, stvarajmo i ostavimo trag \u2013 zajedno. Javite nam se jo\u0161 danas, veselimo se \u0161to \u0107emo vas upoznati!<\/p>\n\n\n\n<div class=\"wp-block-buttons is-content-justification-center is-layout-flex wp-container-core-buttons-is-layout-a89b3969 wp-block-buttons-is-layout-flex\">\n<div class=\"wp-block-button\"><a class=\"wp-block-button__link has-custom-font-size wp-element-button\" href=\"https:\/\/breakaleg.hr\/hr\/contact-us\/\" style=\"font-size:clamp(0.875rem, 0.875rem + ((1vw - 0.2rem) * 0.196), 1rem);\">KONTAKTIRAJTE NAS<\/a><\/div>\n<\/div>\n<\/div>\n<\/div>\n\n\n\n<figure class=\"wp-block-gallery alignwide has-nested-images columns-default is-cropped wp-block-gallery-1 is-layout-flex wp-block-gallery-is-layout-flex\">\n<figure class=\"wp-block-image size-large\"><img loading=\"lazy\" decoding=\"async\" width=\"1024\" height=\"683\" data-id=\"403\" src=\"https:\/\/breakaleg.hr\/wp-content\/uploads\/2025\/03\/BreakALeg-91-1024x683.jpg\" alt=\"\" class=\"wp-image-403\" srcset=\"https:\/\/breakaleg.hr\/wp-content\/uploads\/2025\/03\/BreakALeg-91-1024x683.jpg 1024w, https:\/\/breakaleg.hr\/wp-content\/uploads\/2025\/03\/BreakALeg-91-300x200.jpg 300w, https:\/\/breakaleg.hr\/wp-content\/uploads\/2025\/03\/BreakALeg-91-768x512.jpg 768w, https:\/\/breakaleg.hr\/wp-content\/uploads\/2025\/03\/BreakALeg-91-1536x1024.jpg 1536w, https:\/\/breakaleg.hr\/wp-content\/uploads\/2025\/03\/BreakALeg-91-1080x720.jpg 1080w, https:\/\/breakaleg.hr\/wp-content\/uploads\/2025\/03\/BreakALeg-91.jpg 2048w\" sizes=\"auto, (max-width: 1024px) 100vw, 1024px\" \/><\/figure>\n\n\n\n<figure class=\"wp-block-image size-large\"><img loading=\"lazy\" decoding=\"async\" width=\"2048\" height=\"2049\" data-id=\"506\" src=\"https:\/\/breakaleg.hr\/wp-content\/uploads\/2025\/03\/BreakALeg-171-edited.jpg\" alt=\"\" class=\"wp-image-506\" srcset=\"https:\/\/breakaleg.hr\/wp-content\/uploads\/2025\/03\/BreakALeg-171-edited.jpg 2048w, https:\/\/breakaleg.hr\/wp-content\/uploads\/2025\/03\/BreakALeg-171-edited-300x300.jpg 300w, https:\/\/breakaleg.hr\/wp-content\/uploads\/2025\/03\/BreakALeg-171-edited-1024x1024.jpg 1024w, https:\/\/breakaleg.hr\/wp-content\/uploads\/2025\/03\/BreakALeg-171-edited-150x150.jpg 150w, https:\/\/breakaleg.hr\/wp-content\/uploads\/2025\/03\/BreakALeg-171-edited-768x768.jpg 768w, https:\/\/breakaleg.hr\/wp-content\/uploads\/2025\/03\/BreakALeg-171-edited-1536x1536.jpg 1536w, https:\/\/breakaleg.hr\/wp-content\/uploads\/2025\/03\/BreakALeg-171-edited-1080x1081.jpg 1080w\" sizes=\"auto, (max-width: 2048px) 100vw, 2048px\" \/><\/figure>\n<\/figure>\n\n\n\n<div style=\"height:var(--wp--preset--spacing--60)\" aria-hidden=\"true\" class=\"wp-block-spacer\"><\/div>","protected":false},"excerpt":{"rendered":"<p>public relations Public perception can make or break a brand, and we\u2019re here to make sure yours shines. Through strategic media outreach, compelling storytelling, and strong industry connections, we get your message in front of the right people. Whether it\u2019s securing top-tier press coverage, managing crisis communications, or positioning you as a thought leader, we [&hellip;]<\/p>\n","protected":false},"author":2,"featured_media":0,"parent":0,"menu_order":0,"comment_status":"closed","ping_status":"closed","template":"page-no-title","meta":{"footnotes":""},"class_list":["post-483","page","type-page","status-publish","hentry"],"yoast_head":"<!-- This site is optimized with the Yoast SEO plugin v27.2 - https:\/\/yoast.com\/product\/yoast-seo-wordpress\/ -->\n<title>Public Relations - Break A Leg!<\/title>\n<meta name=\"description\" content=\"Public perception can make or break a brand, and we\u2019re here to make sure yours shines.\" \/>\n<meta name=\"robots\" content=\"index, follow, max-snippet:-1, max-image-preview:large, max-video-preview:-1\" \/>\n<link rel=\"canonical\" href=\"https:\/\/breakaleg.hr\/hr\/public-relations\/\" \/>\n<meta property=\"og:locale\" content=\"hr_HR\" \/>\n<meta property=\"og:type\" content=\"article\" \/>\n<meta property=\"og:title\" content=\"Public Relations - Break A Leg!\" \/>\n<meta property=\"og:description\" content=\"Public perception can make or break a brand, and we\u2019re here to make sure yours shines.\" \/>\n<meta property=\"og:url\" content=\"https:\/\/breakaleg.hr\/hr\/public-relations\/\" \/>\n<meta property=\"og:site_name\" content=\"Break A Leg!\" \/>\n<meta property=\"article:publisher\" content=\"https:\/\/www.facebook.com\/Break-a-leg-boutique-agency-100279338854742\/\" \/>\n<meta property=\"article:modified_time\" content=\"2025-05-21T14:51:43+00:00\" \/>\n<meta property=\"og:image\" content=\"https:\/\/breakaleg.hr\/wp-content\/uploads\/2025\/02\/BreakALeg-18-scaled.jpg\" \/>\n\t<meta property=\"og:image:width\" content=\"1707\" \/>\n\t<meta property=\"og:image:height\" content=\"2560\" \/>\n\t<meta property=\"og:image:type\" content=\"image\/jpeg\" \/>\n<meta name=\"twitter:card\" content=\"summary_large_image\" \/>\n<meta name=\"twitter:label1\" content=\"Procijenjeno vrijeme \u010ditanja\" \/>\n\t<meta name=\"twitter:data1\" content=\"5 minuta\" \/>\n<script type=\"application\/ld+json\" class=\"yoast-schema-graph\">{\"@context\":\"https:\/\/schema.org\",\"@graph\":[{\"@type\":\"WebPage\",\"@id\":\"https:\/\/breakaleg.hr\/public-relations\/\",\"url\":\"https:\/\/breakaleg.hr\/public-relations\/\",\"name\":\"Public Relations - Break A Leg!\",\"isPartOf\":{\"@id\":\"https:\/\/breakaleg.hr\/#website\"},\"primaryImageOfPage\":{\"@id\":\"https:\/\/breakaleg.hr\/public-relations\/#primaryimage\"},\"image\":{\"@id\":\"https:\/\/breakaleg.hr\/public-relations\/#primaryimage\"},\"thumbnailUrl\":\"https:\/\/breakaleg.hr\/wp-content\/uploads\/2025\/02\/BreakALeg-18-683x1024.jpg\",\"datePublished\":\"2025-03-11T17:34:58+00:00\",\"dateModified\":\"2025-05-21T14:51:43+00:00\",\"description\":\"Public perception can make or break a brand, and we\u2019re here to make sure yours shines.\",\"breadcrumb\":{\"@id\":\"https:\/\/breakaleg.hr\/public-relations\/#breadcrumb\"},\"inLanguage\":\"hr\",\"potentialAction\":[{\"@type\":\"ReadAction\",\"target\":[\"https:\/\/breakaleg.hr\/public-relations\/\"]}]},{\"@type\":\"ImageObject\",\"inLanguage\":\"hr\",\"@id\":\"https:\/\/breakaleg.hr\/public-relations\/#primaryimage\",\"url\":\"https:\/\/breakaleg.hr\/wp-content\/uploads\/2025\/02\/BreakALeg-18-683x1024.jpg\",\"contentUrl\":\"https:\/\/breakaleg.hr\/wp-content\/uploads\/2025\/02\/BreakALeg-18-683x1024.jpg\"},{\"@type\":\"BreadcrumbList\",\"@id\":\"https:\/\/breakaleg.hr\/public-relations\/#breadcrumb\",\"itemListElement\":[{\"@type\":\"ListItem\",\"position\":1,\"name\":\"Home\",\"item\":\"https:\/\/breakaleg.hr\/\"},{\"@type\":\"ListItem\",\"position\":2,\"name\":\"Public Relations\"}]},{\"@type\":\"WebSite\",\"@id\":\"https:\/\/breakaleg.hr\/#website\",\"url\":\"https:\/\/breakaleg.hr\/\",\"name\":\"Break A Leg!\",\"description\":\"Boutique Agency\",\"publisher\":{\"@id\":\"https:\/\/breakaleg.hr\/#organization\"},\"potentialAction\":[{\"@type\":\"SearchAction\",\"target\":{\"@type\":\"EntryPoint\",\"urlTemplate\":\"https:\/\/breakaleg.hr\/?s={search_term_string}\"},\"query-input\":{\"@type\":\"PropertyValueSpecification\",\"valueRequired\":true,\"valueName\":\"search_term_string\"}}],\"inLanguage\":\"hr\"},{\"@type\":\"Organization\",\"@id\":\"https:\/\/breakaleg.hr\/#organization\",\"name\":\"Break A Leg!\",\"url\":\"https:\/\/breakaleg.hr\/\",\"logo\":{\"@type\":\"ImageObject\",\"inLanguage\":\"hr\",\"@id\":\"https:\/\/breakaleg.hr\/#\/schema\/logo\/image\/\",\"url\":\"https:\/\/breakaleg.hr\/wp-content\/uploads\/2025\/05\/logo-full-black-purple.svg\",\"contentUrl\":\"https:\/\/breakaleg.hr\/wp-content\/uploads\/2025\/05\/logo-full-black-purple.svg\",\"width\":360,\"height\":273,\"caption\":\"Break A Leg!\"},\"image\":{\"@id\":\"https:\/\/breakaleg.hr\/#\/schema\/logo\/image\/\"},\"sameAs\":[\"https:\/\/www.facebook.com\/Break-a-leg-boutique-agency-100279338854742\/\",\"https:\/\/www.instagram.com\/breakaleg_agency\/\",\"https:\/\/www.linkedin.com\/company\/break-a-leg-boutique-agency\/\"]}]}<\/script>\n<!-- \/ Yoast SEO plugin. -->","yoast_head_json":{"title":"Public Relations - Break A Leg!","description":"Public perception can make or break a brand, and we\u2019re here to make sure yours shines.","robots":{"index":"index","follow":"follow","max-snippet":"max-snippet:-1","max-image-preview":"max-image-preview:large","max-video-preview":"max-video-preview:-1"},"canonical":"https:\/\/breakaleg.hr\/hr\/public-relations\/","og_locale":"hr_HR","og_type":"article","og_title":"Public Relations - Break A Leg!","og_description":"Public perception can make or break a brand, and we\u2019re here to make sure yours shines.","og_url":"https:\/\/breakaleg.hr\/hr\/public-relations\/","og_site_name":"Break A Leg!","article_publisher":"https:\/\/www.facebook.com\/Break-a-leg-boutique-agency-100279338854742\/","article_modified_time":"2025-05-21T14:51:43+00:00","og_image":[{"width":1707,"height":2560,"url":"https:\/\/breakaleg.hr\/wp-content\/uploads\/2025\/02\/BreakALeg-18-scaled.jpg","type":"image\/jpeg"}],"twitter_card":"summary_large_image","twitter_misc":{"Procijenjeno vrijeme \u010ditanja":"5 minuta"},"schema":{"@context":"https:\/\/schema.org","@graph":[{"@type":"WebPage","@id":"https:\/\/breakaleg.hr\/public-relations\/","url":"https:\/\/breakaleg.hr\/public-relations\/","name":"Public Relations - Break A Leg!","isPartOf":{"@id":"https:\/\/breakaleg.hr\/#website"},"primaryImageOfPage":{"@id":"https:\/\/breakaleg.hr\/public-relations\/#primaryimage"},"image":{"@id":"https:\/\/breakaleg.hr\/public-relations\/#primaryimage"},"thumbnailUrl":"https:\/\/breakaleg.hr\/wp-content\/uploads\/2025\/02\/BreakALeg-18-683x1024.jpg","datePublished":"2025-03-11T17:34:58+00:00","dateModified":"2025-05-21T14:51:43+00:00","description":"Public perception can make or break a brand, and we\u2019re here to make sure yours shines.","breadcrumb":{"@id":"https:\/\/breakaleg.hr\/public-relations\/#breadcrumb"},"inLanguage":"hr","potentialAction":[{"@type":"ReadAction","target":["https:\/\/breakaleg.hr\/public-relations\/"]}]},{"@type":"ImageObject","inLanguage":"hr","@id":"https:\/\/breakaleg.hr\/public-relations\/#primaryimage","url":"https:\/\/breakaleg.hr\/wp-content\/uploads\/2025\/02\/BreakALeg-18-683x1024.jpg","contentUrl":"https:\/\/breakaleg.hr\/wp-content\/uploads\/2025\/02\/BreakALeg-18-683x1024.jpg"},{"@type":"BreadcrumbList","@id":"https:\/\/breakaleg.hr\/public-relations\/#breadcrumb","itemListElement":[{"@type":"ListItem","position":1,"name":"Home","item":"https:\/\/breakaleg.hr\/"},{"@type":"ListItem","position":2,"name":"Public Relations"}]},{"@type":"WebSite","@id":"https:\/\/breakaleg.hr\/#website","url":"https:\/\/breakaleg.hr\/","name":"Break A Leg!","description":"Boutique Agency","publisher":{"@id":"https:\/\/breakaleg.hr\/#organization"},"potentialAction":[{"@type":"SearchAction","target":{"@type":"EntryPoint","urlTemplate":"https:\/\/breakaleg.hr\/?s={search_term_string}"},"query-input":{"@type":"PropertyValueSpecification","valueRequired":true,"valueName":"search_term_string"}}],"inLanguage":"hr"},{"@type":"Organization","@id":"https:\/\/breakaleg.hr\/#organization","name":"Break A Leg!","url":"https:\/\/breakaleg.hr\/","logo":{"@type":"ImageObject","inLanguage":"hr","@id":"https:\/\/breakaleg.hr\/#\/schema\/logo\/image\/","url":"https:\/\/breakaleg.hr\/wp-content\/uploads\/2025\/05\/logo-full-black-purple.svg","contentUrl":"https:\/\/breakaleg.hr\/wp-content\/uploads\/2025\/05\/logo-full-black-purple.svg","width":360,"height":273,"caption":"Break A Leg!"},"image":{"@id":"https:\/\/breakaleg.hr\/#\/schema\/logo\/image\/"},"sameAs":["https:\/\/www.facebook.com\/Break-a-leg-boutique-agency-100279338854742\/","https:\/\/www.instagram.com\/breakaleg_agency\/","https:\/\/www.linkedin.com\/company\/break-a-leg-boutique-agency\/"]}]}},"_links":{"self":[{"href":"https:\/\/breakaleg.hr\/hr\/wp-json\/wp\/v2\/pages\/483","targetHints":{"allow":["GET"]}}],"collection":[{"href":"https:\/\/breakaleg.hr\/hr\/wp-json\/wp\/v2\/pages"}],"about":[{"href":"https:\/\/breakaleg.hr\/hr\/wp-json\/wp\/v2\/types\/page"}],"author":[{"embeddable":true,"href":"https:\/\/breakaleg.hr\/hr\/wp-json\/wp\/v2\/users\/2"}],"replies":[{"embeddable":true,"href":"https:\/\/breakaleg.hr\/hr\/wp-json\/wp\/v2\/comments?post=483"}],"version-history":[{"count":18,"href":"https:\/\/breakaleg.hr\/hr\/wp-json\/wp\/v2\/pages\/483\/revisions"}],"predecessor-version":[{"id":998,"href":"https:\/\/breakaleg.hr\/hr\/wp-json\/wp\/v2\/pages\/483\/revisions\/998"}],"wp:attachment":[{"href":"https:\/\/breakaleg.hr\/hr\/wp-json\/wp\/v2\/media?parent=483"}],"curies":[{"name":"wp","href":"https:\/\/api.w.org\/{rel}","templated":true}]}}