{"id":464,"date":"2025-03-07T16:23:29","date_gmt":"2025-03-07T15:23:29","guid":{"rendered":"https:\/\/breakaleg.hr\/?page_id=464"},"modified":"2026-01-21T18:02:02","modified_gmt":"2026-01-21T17:02:02","slug":"events","status":"publish","type":"page","link":"https:\/\/breakaleg.hr\/hr\/events\/","title":{"rendered":"Doga\u0111anja"},"content":{"rendered":"<div class=\"wp-block-group alignfull has-base-background-color has-background has-global-padding is-layout-constrained wp-container-core-group-is-layout-07f777bb wp-block-group-is-layout-constrained\" style=\"min-height:0vh;margin-top:0;margin-bottom:0;padding-top:var(--wp--preset--spacing--60);padding-right:var(--wp--preset--spacing--40);padding-bottom:var(--wp--preset--spacing--60);padding-left:var(--wp--preset--spacing--40)\">\n<div class=\"wp-block-group has-global-padding is-layout-constrained wp-container-core-group-is-layout-346627ba wp-block-group-is-layout-constrained\">\n<h2 class=\"wp-block-heading has-text-align-center\" style=\"margin-right:0;margin-left:0;padding-right:0;padding-left:0;font-size:clamp(3.037rem, 3.037rem + ((1vw - 0.2rem) * 4.648), 6rem);font-style:normal;font-weight:300;letter-spacing:-2px;line-height:1;text-transform:uppercase\">Doga\u0111anja<\/h2>\n\n\n\n<figure class=\"wp-block-image size-full\"><img loading=\"lazy\" decoding=\"async\" width=\"1707\" height=\"2560\" src=\"https:\/\/breakaleg.hr\/wp-content\/uploads\/2025\/03\/TasteLikeBilice-4-scaled.jpg\" alt=\"\" class=\"wp-image-594\" srcset=\"https:\/\/breakaleg.hr\/wp-content\/uploads\/2025\/03\/TasteLikeBilice-4-scaled.jpg 1707w, https:\/\/breakaleg.hr\/wp-content\/uploads\/2025\/03\/TasteLikeBilice-4-200x300.jpg 200w, https:\/\/breakaleg.hr\/wp-content\/uploads\/2025\/03\/TasteLikeBilice-4-683x1024.jpg 683w, https:\/\/breakaleg.hr\/wp-content\/uploads\/2025\/03\/TasteLikeBilice-4-768x1152.jpg 768w, https:\/\/breakaleg.hr\/wp-content\/uploads\/2025\/03\/TasteLikeBilice-4-1024x1536.jpg 1024w, https:\/\/breakaleg.hr\/wp-content\/uploads\/2025\/03\/TasteLikeBilice-4-1365x2048.jpg 1365w, https:\/\/breakaleg.hr\/wp-content\/uploads\/2025\/03\/TasteLikeBilice-4-1080x1620.jpg 1080w\" sizes=\"auto, (max-width: 1707px) 100vw, 1707px\" \/><\/figure>\n\n\n\n<p class=\"has-text-align-center\">Izvrsni doga\u0111aji ne doga\u0111aju se sami od sebe - to su pa\u017eljivo osmi\u0161ljena iskustva koja ostavljaju trajan dojam. Od intimnih okupljanja do velikih aktivacija brendova, unosimo kreativnost, preciznost i da\u0161ak \u010darolije u svaki doga\u0111aj koji organiziramo. <\/p>\n\n\n\n<p class=\"has-text-align-center\">Uz stru\u010dno planiranje, besprijekornu izvedbu i fokus na va\u0161u pri\u010du, pretvaramo va\u0161u viziju u stvarnost - kako biste mogli u\u017eivati \u200b\u200bu trenutku dok se mi brinemo o svemu ostalom!<\/p>\n\n\n\n<div class=\"wp-block-buttons is-content-justification-center is-layout-flex wp-container-core-buttons-is-layout-a89b3969 wp-block-buttons-is-layout-flex\">\n<div class=\"wp-block-button\"><a class=\"wp-block-button__link has-custom-font-size wp-element-button\" href=\"https:\/\/breakaleg.hr\/hr\/contact-us\/\" style=\"font-size:clamp(0.875rem, 0.875rem + ((1vw - 0.2rem) * 0.196), 1rem);\">KONTAKTIRAJTE NAS<\/a><\/div>\n<\/div>\n<\/div>\n<\/div>\n\n\n\n<hr class=\"wp-block-separator alignfull has-alpha-channel-opacity\"\/>\n\n\n\n<div class=\"wp-block-group alignfull has-global-padding is-layout-constrained wp-container-core-group-is-layout-ebee8dc1 wp-block-group-is-layout-constrained\" style=\"margin-top:0;margin-bottom:0;padding-top:var(--wp--preset--spacing--50);padding-bottom:var(--wp--preset--spacing--50)\">\n<h2 class=\"wp-block-heading alignwide\" style=\"font-size:clamp(1.976rem, 1.976rem + ((1vw - 0.2rem) * 2.391), 3.5rem);font-style:normal;font-weight:300;letter-spacing:-2px\">Ovo uklju\u010duje<\/h2>\n\n\n\n<div class=\"wp-block-columns alignwide is-layout-flex wp-container-core-columns-is-layout-d0b3c9c8 wp-block-columns-is-layout-flex\">\n<div class=\"wp-block-column is-layout-flow wp-block-column-is-layout-flow\">\n<figure class=\"wp-block-image size-full\" style=\"margin-bottom:24px\"><img loading=\"lazy\" decoding=\"async\" width=\"2048\" height=\"1365\" src=\"https:\/\/breakaleg.hr\/wp-content\/uploads\/2025\/03\/BreakALeg-242.jpg\" alt=\"\" class=\"wp-image-561\" style=\"aspect-ratio:4\/3;object-fit:cover\" srcset=\"https:\/\/breakaleg.hr\/wp-content\/uploads\/2025\/03\/BreakALeg-242.jpg 2048w, https:\/\/breakaleg.hr\/wp-content\/uploads\/2025\/03\/BreakALeg-242-300x200.jpg 300w, https:\/\/breakaleg.hr\/wp-content\/uploads\/2025\/03\/BreakALeg-242-1024x683.jpg 1024w, https:\/\/breakaleg.hr\/wp-content\/uploads\/2025\/03\/BreakALeg-242-768x512.jpg 768w, https:\/\/breakaleg.hr\/wp-content\/uploads\/2025\/03\/BreakALeg-242-1536x1024.jpg 1536w, https:\/\/breakaleg.hr\/wp-content\/uploads\/2025\/03\/BreakALeg-242-1080x720.jpg 1080w\" sizes=\"auto, (max-width: 2048px) 100vw, 2048px\" \/><\/figure>\n\n\n\n<h3 class=\"wp-block-heading\" style=\"font-style:normal;font-weight:300\">Sportski outdoor festivali<\/h3>\n\n\n\n<p class=\"has-medium-font-size\">Od korporativnih sportskih turnira do velikih izazova u fitnesu na otvorenom, organiziramo dinami\u010dne sportske doga\u0111aje koji motiviraju sudionike i poti\u010du zdrav, aktivan na\u010din \u017eivota. Stru\u010dnim planiranjem i besprijekornom provedbom osiguravamo uzbudljivo i dobro koordinirano iskustvo.<\/p>\n<\/div>\n\n\n\n<div class=\"wp-block-column is-layout-flow wp-block-column-is-layout-flow\">\n<figure class=\"wp-block-image size-full\" style=\"margin-bottom:24px\"><img loading=\"lazy\" decoding=\"async\" width=\"2048\" height=\"1363\" src=\"https:\/\/breakaleg.hr\/wp-content\/uploads\/2025\/03\/M-3.jpg\" alt=\"\" class=\"wp-image-604\" style=\"aspect-ratio:4\/3;object-fit:cover\" srcset=\"https:\/\/breakaleg.hr\/wp-content\/uploads\/2025\/03\/M-3.jpg 2048w, https:\/\/breakaleg.hr\/wp-content\/uploads\/2025\/03\/M-3-300x200.jpg 300w, https:\/\/breakaleg.hr\/wp-content\/uploads\/2025\/03\/M-3-1024x682.jpg 1024w, https:\/\/breakaleg.hr\/wp-content\/uploads\/2025\/03\/M-3-768x511.jpg 768w, https:\/\/breakaleg.hr\/wp-content\/uploads\/2025\/03\/M-3-1536x1022.jpg 1536w, https:\/\/breakaleg.hr\/wp-content\/uploads\/2025\/03\/M-3-1080x719.jpg 1080w\" sizes=\"auto, (max-width: 2048px) 100vw, 2048px\" \/><\/figure>\n\n\n\n<h3 class=\"wp-block-heading\" style=\"font-style:normal;font-weight:300\">Gastro doga\u0111anja<\/h3>\n\n\n\n<p class=\"has-medium-font-size\">Hrana ima mo\u0107 povezivati \u200b\u200bljude, a na\u0161i gastro doga\u0111aji slave kulinarsku izvrsnost kroz degustacije, festivale hrane, predstavljanja kuhara i gurmanska iskustva. Stvaramo impresivne doga\u0111aje usmjerene na hranu koji odu\u0161evljavaju osjetila i stvaraju nezaboravne trenutke uz izvrsna jela.<\/p>\n<\/div>\n<\/div>\n\n\n\n<div class=\"wp-block-columns alignwide is-layout-flex wp-container-core-columns-is-layout-d0b3c9c8 wp-block-columns-is-layout-flex\">\n<div class=\"wp-block-column is-layout-flow wp-block-column-is-layout-flow\">\n<figure class=\"wp-block-image size-full\" style=\"margin-bottom:24px\"><img loading=\"lazy\" decoding=\"async\" width=\"2048\" height=\"1367\" src=\"https:\/\/breakaleg.hr\/wp-content\/uploads\/2025\/03\/MIT_4401.jpg\" alt=\"\" class=\"wp-image-607\" style=\"aspect-ratio:4\/3;object-fit:cover\" srcset=\"https:\/\/breakaleg.hr\/wp-content\/uploads\/2025\/03\/MIT_4401.jpg 2048w, https:\/\/breakaleg.hr\/wp-content\/uploads\/2025\/03\/MIT_4401-300x200.jpg 300w, https:\/\/breakaleg.hr\/wp-content\/uploads\/2025\/03\/MIT_4401-1024x684.jpg 1024w, https:\/\/breakaleg.hr\/wp-content\/uploads\/2025\/03\/MIT_4401-768x513.jpg 768w, https:\/\/breakaleg.hr\/wp-content\/uploads\/2025\/03\/MIT_4401-1536x1025.jpg 1536w, https:\/\/breakaleg.hr\/wp-content\/uploads\/2025\/03\/MIT_4401-1080x721.jpg 1080w\" sizes=\"auto, (max-width: 2048px) 100vw, 2048px\" \/><\/figure>\n\n\n\n<h3 class=\"wp-block-heading\" style=\"font-style:normal;font-weight:300\">Kulturna doga\u0111anja<\/h3>\n\n\n\n<p class=\"has-medium-font-size\">Bilo da se radi o umjetni\u010dkoj izlo\u017ebi, glazbenom festivalu ili proslavi ba\u0161tine, kulturni doga\u0111aji okupljaju zajednice i predstavljaju umjetni\u010dko i povijesno bogatstvo. Brinemo se o svemu, od odabira mjesta odr\u017eavanja do kuriranja programa, osiguravaju\u0107i smisleno i zanimljivo iskustvo za sve sudionike.<\/p>\n<\/div>\n\n\n\n<div class=\"wp-block-column is-layout-flow wp-block-column-is-layout-flow\">\n<figure class=\"wp-block-image size-full\" style=\"margin-bottom:24px\"><img loading=\"lazy\" decoding=\"async\" width=\"2048\" height=\"1365\" src=\"https:\/\/breakaleg.hr\/wp-content\/uploads\/2025\/03\/TasteLikeBilice-119.jpg\" alt=\"\" class=\"wp-image-608\" style=\"aspect-ratio:4\/3;object-fit:cover\" srcset=\"https:\/\/breakaleg.hr\/wp-content\/uploads\/2025\/03\/TasteLikeBilice-119.jpg 2048w, https:\/\/breakaleg.hr\/wp-content\/uploads\/2025\/03\/TasteLikeBilice-119-300x200.jpg 300w, https:\/\/breakaleg.hr\/wp-content\/uploads\/2025\/03\/TasteLikeBilice-119-1024x683.jpg 1024w, https:\/\/breakaleg.hr\/wp-content\/uploads\/2025\/03\/TasteLikeBilice-119-768x512.jpg 768w, https:\/\/breakaleg.hr\/wp-content\/uploads\/2025\/03\/TasteLikeBilice-119-1536x1024.jpg 1536w, https:\/\/breakaleg.hr\/wp-content\/uploads\/2025\/03\/TasteLikeBilice-119-1080x720.jpg 1080w\" sizes=\"auto, (max-width: 2048px) 100vw, 2048px\" \/><\/figure>\n\n\n\n<h3 class=\"wp-block-heading\" style=\"font-style:normal;font-weight:300\">Zabavna doga\u0111anja<\/h3>\n\n\n\n<p class=\"has-medium-font-size\">Od koncerata i predstava do tematskih zabava i ekskluzivnih VIP iskustava, zabavne doga\u0111aje o\u017eivljavamo kreativno\u0161\u0107u i precizno\u0161\u0107u. Na\u0161 tim osigurava besprijekornu produkciju, zanimljive nastupe i nezaboravnu atmosferu prilago\u0111enu va\u0161oj publici.<\/p>\n<\/div>\n\n\n\n<div class=\"wp-block-column is-layout-flow wp-block-column-is-layout-flow\">\n<figure class=\"wp-block-image size-full\" style=\"margin-bottom:24px\"><img loading=\"lazy\" decoding=\"async\" width=\"2048\" height=\"1365\" src=\"https:\/\/breakaleg.hr\/wp-content\/uploads\/2025\/02\/BreakALeg-9.jpg\" alt=\"\" class=\"wp-image-295\" style=\"aspect-ratio:4\/3;object-fit:cover\" srcset=\"https:\/\/breakaleg.hr\/wp-content\/uploads\/2025\/02\/BreakALeg-9.jpg 2048w, https:\/\/breakaleg.hr\/wp-content\/uploads\/2025\/02\/BreakALeg-9-300x200.jpg 300w, https:\/\/breakaleg.hr\/wp-content\/uploads\/2025\/02\/BreakALeg-9-1024x683.jpg 1024w, https:\/\/breakaleg.hr\/wp-content\/uploads\/2025\/02\/BreakALeg-9-768x512.jpg 768w, https:\/\/breakaleg.hr\/wp-content\/uploads\/2025\/02\/BreakALeg-9-1536x1024.jpg 1536w, https:\/\/breakaleg.hr\/wp-content\/uploads\/2025\/02\/BreakALeg-9-1080x720.jpg 1080w\" sizes=\"auto, (max-width: 2048px) 100vw, 2048px\" \/><\/figure>\n\n\n\n<h3 class=\"wp-block-heading\" style=\"font-style:normal;font-weight:300\">Vidljivost EU projekata<\/h3>\n\n\n\n<p class=\"has-medium-font-size\">Specijalizirani smo za organiziranje doga\u0111aja koji promoviraju projekte financirane od strane EU, osiguravaju\u0107i da dobiju priznanje i anga\u017eman koji zaslu\u017euju. Kroz konferencije, panel rasprave, izlo\u017ebe i medijsku suradnju, poma\u017eemo u isticanju postignu\u0107a projekata i stvaranju utjecajne javne svijesti.<\/p>\n<\/div>\n<\/div>\n<\/div>\n\n\n\n<hr class=\"wp-block-separator alignfull has-alpha-channel-opacity\"\/>\n\n\n\n<div class=\"wp-block-group alignfull has-global-padding is-layout-constrained wp-container-core-group-is-layout-82e4aa9c wp-block-group-is-layout-constrained\" style=\"min-height:0vh;margin-top:0;margin-bottom:0;padding-top:var(--wp--preset--spacing--50);padding-right:var(--wp--preset--spacing--40);padding-bottom:var(--wp--preset--spacing--50);padding-left:var(--wp--preset--spacing--40)\">\n<div class=\"wp-block-group has-global-padding is-layout-constrained wp-container-core-group-is-layout-346627ba wp-block-group-is-layout-constrained\">\n<h2 class=\"wp-block-heading has-text-align-center\" style=\"margin-right:0;margin-left:0;padding-right:0;padding-left:0;font-size:clamp(1.976rem, 1.976rem + ((1vw - 0.2rem) * 2.391), 3.5rem);font-style:normal;font-weight:300;letter-spacing:-2px\">Javite nam se!<\/h2>\n\n\n\n<p class=\"has-text-align-center\">Spremni ste stvoriti ne\u0161to nevjerojatno? Pove\u017eimo se, stvarajmo i ostavimo trag \u2013 zajedno. Javite nam se jo\u0161 danas, veselimo se \u0161to \u0107emo vas upoznati!<\/p>\n\n\n\n<div class=\"wp-block-buttons is-content-justification-center is-layout-flex wp-container-core-buttons-is-layout-a89b3969 wp-block-buttons-is-layout-flex\">\n<div class=\"wp-block-button\"><a class=\"wp-block-button__link has-custom-font-size wp-element-button\" href=\"https:\/\/breakaleg.hr\/hr\/contact-us\/\" style=\"font-size:clamp(0.875rem, 0.875rem + ((1vw - 0.2rem) * 0.196), 1rem);\">KONTAKTIRAJTE NAS<\/a><\/div>\n<\/div>\n<\/div>\n<\/div>\n\n\n\n<figure class=\"wp-block-gallery alignwide has-nested-images columns-default is-cropped wp-block-gallery-1 is-layout-flex wp-block-gallery-is-layout-flex\">\n<figure class=\"wp-block-image size-large\"><img loading=\"lazy\" decoding=\"async\" width=\"1024\" height=\"683\" data-id=\"415\" src=\"https:\/\/breakaleg.hr\/wp-content\/uploads\/2025\/03\/BreakALeg-290-1024x683.jpg\" alt=\"\" class=\"wp-image-415\" srcset=\"https:\/\/breakaleg.hr\/wp-content\/uploads\/2025\/03\/BreakALeg-290-1024x683.jpg 1024w, https:\/\/breakaleg.hr\/wp-content\/uploads\/2025\/03\/BreakALeg-290-300x200.jpg 300w, https:\/\/breakaleg.hr\/wp-content\/uploads\/2025\/03\/BreakALeg-290-768x512.jpg 768w, https:\/\/breakaleg.hr\/wp-content\/uploads\/2025\/03\/BreakALeg-290-1536x1024.jpg 1536w, https:\/\/breakaleg.hr\/wp-content\/uploads\/2025\/03\/BreakALeg-290-1080x720.jpg 1080w, https:\/\/breakaleg.hr\/wp-content\/uploads\/2025\/03\/BreakALeg-290.jpg 2048w\" sizes=\"auto, (max-width: 1024px) 100vw, 1024px\" \/><\/figure>\n\n\n\n<figure class=\"wp-block-image size-large\"><img loading=\"lazy\" decoding=\"async\" width=\"1024\" height=\"1024\" data-id=\"611\" src=\"https:\/\/breakaleg.hr\/wp-content\/uploads\/2025\/03\/Bundles-2-1024x1024.png\" alt=\"\" class=\"wp-image-611\" srcset=\"https:\/\/breakaleg.hr\/wp-content\/uploads\/2025\/03\/Bundles-2-1024x1024.png 1024w, https:\/\/breakaleg.hr\/wp-content\/uploads\/2025\/03\/Bundles-2-300x300.png 300w, https:\/\/breakaleg.hr\/wp-content\/uploads\/2025\/03\/Bundles-2-150x150.png 150w, https:\/\/breakaleg.hr\/wp-content\/uploads\/2025\/03\/Bundles-2-768x768.png 768w, https:\/\/breakaleg.hr\/wp-content\/uploads\/2025\/03\/Bundles-2-1080x1080.png 1080w, https:\/\/breakaleg.hr\/wp-content\/uploads\/2025\/03\/Bundles-2.png 1200w\" sizes=\"auto, (max-width: 1024px) 100vw, 1024px\" \/><\/figure>\n<\/figure>\n\n\n\n<div style=\"height:var(--wp--preset--spacing--60)\" aria-hidden=\"true\" class=\"wp-block-spacer\"><\/div>","protected":false},"excerpt":{"rendered":"<p>events Great events don\u2019t just happen\u2014they\u2019re carefully crafted experiences that leave lasting impressions. From intimate gatherings to large-scale brand activations, we bring creativity, precision, and a touch of magic to every event we organise. With expert planning, flawless execution, and a focus on storytelling, we turn your vision into reality\u2014so you can enjoy the moment [&hellip;]<\/p>\n","protected":false},"author":2,"featured_media":0,"parent":0,"menu_order":0,"comment_status":"closed","ping_status":"closed","template":"","meta":{"footnotes":""},"class_list":["post-464","page","type-page","status-publish","hentry"],"yoast_head":"<!-- This site is optimized with the Yoast SEO plugin v27.2 - https:\/\/yoast.com\/product\/yoast-seo-wordpress\/ -->\n<title>Events - Break A Leg!<\/title>\n<meta name=\"description\" content=\"Great events don\u2019t just happen\u2014they\u2019re carefully crafted experiences that leave lasting impressions.\" \/>\n<meta name=\"robots\" content=\"index, follow, max-snippet:-1, max-image-preview:large, max-video-preview:-1\" \/>\n<link rel=\"canonical\" href=\"https:\/\/breakaleg.hr\/hr\/events\/\" \/>\n<meta property=\"og:locale\" content=\"hr_HR\" \/>\n<meta property=\"og:type\" content=\"article\" \/>\n<meta property=\"og:title\" content=\"Events - Break A Leg!\" \/>\n<meta property=\"og:description\" content=\"Great events don\u2019t just happen\u2014they\u2019re carefully crafted experiences that leave lasting impressions.\" \/>\n<meta property=\"og:url\" content=\"https:\/\/breakaleg.hr\/hr\/events\/\" \/>\n<meta property=\"og:site_name\" content=\"Break A Leg!\" \/>\n<meta property=\"article:publisher\" content=\"https:\/\/www.facebook.com\/Break-a-leg-boutique-agency-100279338854742\/\" \/>\n<meta property=\"article:modified_time\" content=\"2026-01-21T17:02:02+00:00\" \/>\n<meta property=\"og:image\" content=\"https:\/\/breakaleg.hr\/wp-content\/uploads\/2025\/03\/TasteLikeBilice-4-scaled.jpg\" \/>\n\t<meta property=\"og:image:width\" content=\"1707\" \/>\n\t<meta property=\"og:image:height\" content=\"2560\" \/>\n\t<meta property=\"og:image:type\" content=\"image\/jpeg\" \/>\n<meta name=\"twitter:card\" content=\"summary_large_image\" \/>\n<script type=\"application\/ld+json\" class=\"yoast-schema-graph\">{\"@context\":\"https:\/\/schema.org\",\"@graph\":[{\"@type\":\"WebPage\",\"@id\":\"https:\/\/breakaleg.hr\/events\/\",\"url\":\"https:\/\/breakaleg.hr\/events\/\",\"name\":\"Events - Break A Leg!\",\"isPartOf\":{\"@id\":\"https:\/\/breakaleg.hr\/#website\"},\"primaryImageOfPage\":{\"@id\":\"https:\/\/breakaleg.hr\/events\/#primaryimage\"},\"image\":{\"@id\":\"https:\/\/breakaleg.hr\/events\/#primaryimage\"},\"thumbnailUrl\":\"https:\/\/breakaleg.hr\/wp-content\/uploads\/2025\/03\/TasteLikeBilice-4-scaled.jpg\",\"datePublished\":\"2025-03-07T15:23:29+00:00\",\"dateModified\":\"2026-01-21T17:02:02+00:00\",\"description\":\"Great events don\u2019t just happen\u2014they\u2019re carefully crafted experiences that leave lasting impressions.\",\"breadcrumb\":{\"@id\":\"https:\/\/breakaleg.hr\/events\/#breadcrumb\"},\"inLanguage\":\"hr\",\"potentialAction\":[{\"@type\":\"ReadAction\",\"target\":[\"https:\/\/breakaleg.hr\/events\/\"]}]},{\"@type\":\"ImageObject\",\"inLanguage\":\"hr\",\"@id\":\"https:\/\/breakaleg.hr\/events\/#primaryimage\",\"url\":\"https:\/\/breakaleg.hr\/wp-content\/uploads\/2025\/03\/TasteLikeBilice-4-scaled.jpg\",\"contentUrl\":\"https:\/\/breakaleg.hr\/wp-content\/uploads\/2025\/03\/TasteLikeBilice-4-scaled.jpg\"},{\"@type\":\"BreadcrumbList\",\"@id\":\"https:\/\/breakaleg.hr\/events\/#breadcrumb\",\"itemListElement\":[{\"@type\":\"ListItem\",\"position\":1,\"name\":\"Home\",\"item\":\"https:\/\/breakaleg.hr\/\"},{\"@type\":\"ListItem\",\"position\":2,\"name\":\"Events\"}]},{\"@type\":\"WebSite\",\"@id\":\"https:\/\/breakaleg.hr\/#website\",\"url\":\"https:\/\/breakaleg.hr\/\",\"name\":\"Break A Leg!\",\"description\":\"Boutique Agency\",\"publisher\":{\"@id\":\"https:\/\/breakaleg.hr\/#organization\"},\"potentialAction\":[{\"@type\":\"SearchAction\",\"target\":{\"@type\":\"EntryPoint\",\"urlTemplate\":\"https:\/\/breakaleg.hr\/?s={search_term_string}\"},\"query-input\":{\"@type\":\"PropertyValueSpecification\",\"valueRequired\":true,\"valueName\":\"search_term_string\"}}],\"inLanguage\":\"hr\"},{\"@type\":\"Organization\",\"@id\":\"https:\/\/breakaleg.hr\/#organization\",\"name\":\"Break A Leg!\",\"url\":\"https:\/\/breakaleg.hr\/\",\"logo\":{\"@type\":\"ImageObject\",\"inLanguage\":\"hr\",\"@id\":\"https:\/\/breakaleg.hr\/#\/schema\/logo\/image\/\",\"url\":\"https:\/\/breakaleg.hr\/wp-content\/uploads\/2025\/05\/logo-full-black-purple.svg\",\"contentUrl\":\"https:\/\/breakaleg.hr\/wp-content\/uploads\/2025\/05\/logo-full-black-purple.svg\",\"width\":360,\"height\":273,\"caption\":\"Break A Leg!\"},\"image\":{\"@id\":\"https:\/\/breakaleg.hr\/#\/schema\/logo\/image\/\"},\"sameAs\":[\"https:\/\/www.facebook.com\/Break-a-leg-boutique-agency-100279338854742\/\",\"https:\/\/www.instagram.com\/breakaleg_agency\/\",\"https:\/\/www.linkedin.com\/company\/break-a-leg-boutique-agency\/\"]}]}<\/script>\n<!-- \/ Yoast SEO plugin. -->","yoast_head_json":{"title":"Events - Break A Leg!","description":"Great events don\u2019t just happen\u2014they\u2019re carefully crafted experiences that leave lasting impressions.","robots":{"index":"index","follow":"follow","max-snippet":"max-snippet:-1","max-image-preview":"max-image-preview:large","max-video-preview":"max-video-preview:-1"},"canonical":"https:\/\/breakaleg.hr\/hr\/events\/","og_locale":"hr_HR","og_type":"article","og_title":"Events - Break A Leg!","og_description":"Great events don\u2019t just happen\u2014they\u2019re carefully crafted experiences that leave lasting impressions.","og_url":"https:\/\/breakaleg.hr\/hr\/events\/","og_site_name":"Break A Leg!","article_publisher":"https:\/\/www.facebook.com\/Break-a-leg-boutique-agency-100279338854742\/","article_modified_time":"2026-01-21T17:02:02+00:00","og_image":[{"width":1707,"height":2560,"url":"https:\/\/breakaleg.hr\/wp-content\/uploads\/2025\/03\/TasteLikeBilice-4-scaled.jpg","type":"image\/jpeg"}],"twitter_card":"summary_large_image","schema":{"@context":"https:\/\/schema.org","@graph":[{"@type":"WebPage","@id":"https:\/\/breakaleg.hr\/events\/","url":"https:\/\/breakaleg.hr\/events\/","name":"Events - Break A Leg!","isPartOf":{"@id":"https:\/\/breakaleg.hr\/#website"},"primaryImageOfPage":{"@id":"https:\/\/breakaleg.hr\/events\/#primaryimage"},"image":{"@id":"https:\/\/breakaleg.hr\/events\/#primaryimage"},"thumbnailUrl":"https:\/\/breakaleg.hr\/wp-content\/uploads\/2025\/03\/TasteLikeBilice-4-scaled.jpg","datePublished":"2025-03-07T15:23:29+00:00","dateModified":"2026-01-21T17:02:02+00:00","description":"Great events don\u2019t just happen\u2014they\u2019re carefully crafted experiences that leave lasting impressions.","breadcrumb":{"@id":"https:\/\/breakaleg.hr\/events\/#breadcrumb"},"inLanguage":"hr","potentialAction":[{"@type":"ReadAction","target":["https:\/\/breakaleg.hr\/events\/"]}]},{"@type":"ImageObject","inLanguage":"hr","@id":"https:\/\/breakaleg.hr\/events\/#primaryimage","url":"https:\/\/breakaleg.hr\/wp-content\/uploads\/2025\/03\/TasteLikeBilice-4-scaled.jpg","contentUrl":"https:\/\/breakaleg.hr\/wp-content\/uploads\/2025\/03\/TasteLikeBilice-4-scaled.jpg"},{"@type":"BreadcrumbList","@id":"https:\/\/breakaleg.hr\/events\/#breadcrumb","itemListElement":[{"@type":"ListItem","position":1,"name":"Home","item":"https:\/\/breakaleg.hr\/"},{"@type":"ListItem","position":2,"name":"Events"}]},{"@type":"WebSite","@id":"https:\/\/breakaleg.hr\/#website","url":"https:\/\/breakaleg.hr\/","name":"Break A Leg!","description":"Boutique Agency","publisher":{"@id":"https:\/\/breakaleg.hr\/#organization"},"potentialAction":[{"@type":"SearchAction","target":{"@type":"EntryPoint","urlTemplate":"https:\/\/breakaleg.hr\/?s={search_term_string}"},"query-input":{"@type":"PropertyValueSpecification","valueRequired":true,"valueName":"search_term_string"}}],"inLanguage":"hr"},{"@type":"Organization","@id":"https:\/\/breakaleg.hr\/#organization","name":"Break A Leg!","url":"https:\/\/breakaleg.hr\/","logo":{"@type":"ImageObject","inLanguage":"hr","@id":"https:\/\/breakaleg.hr\/#\/schema\/logo\/image\/","url":"https:\/\/breakaleg.hr\/wp-content\/uploads\/2025\/05\/logo-full-black-purple.svg","contentUrl":"https:\/\/breakaleg.hr\/wp-content\/uploads\/2025\/05\/logo-full-black-purple.svg","width":360,"height":273,"caption":"Break A Leg!"},"image":{"@id":"https:\/\/breakaleg.hr\/#\/schema\/logo\/image\/"},"sameAs":["https:\/\/www.facebook.com\/Break-a-leg-boutique-agency-100279338854742\/","https:\/\/www.instagram.com\/breakaleg_agency\/","https:\/\/www.linkedin.com\/company\/break-a-leg-boutique-agency\/"]}]}},"_links":{"self":[{"href":"https:\/\/breakaleg.hr\/hr\/wp-json\/wp\/v2\/pages\/464","targetHints":{"allow":["GET"]}}],"collection":[{"href":"https:\/\/breakaleg.hr\/hr\/wp-json\/wp\/v2\/pages"}],"about":[{"href":"https:\/\/breakaleg.hr\/hr\/wp-json\/wp\/v2\/types\/page"}],"author":[{"embeddable":true,"href":"https:\/\/breakaleg.hr\/hr\/wp-json\/wp\/v2\/users\/2"}],"replies":[{"embeddable":true,"href":"https:\/\/breakaleg.hr\/hr\/wp-json\/wp\/v2\/comments?post=464"}],"version-history":[{"count":27,"href":"https:\/\/breakaleg.hr\/hr\/wp-json\/wp\/v2\/pages\/464\/revisions"}],"predecessor-version":[{"id":1102,"href":"https:\/\/breakaleg.hr\/hr\/wp-json\/wp\/v2\/pages\/464\/revisions\/1102"}],"wp:attachment":[{"href":"https:\/\/breakaleg.hr\/hr\/wp-json\/wp\/v2\/media?parent=464"}],"curies":[{"name":"wp","href":"https:\/\/api.w.org\/{rel}","templated":true}]}}